{"id":37350,"date":"2024-03-04T13:12:52","date_gmt":"2024-03-04T13:12:52","guid":{"rendered":"https:\/\/salgueirohome.com\/?page_id=37350"},"modified":"2024-12-16T16:35:16","modified_gmt":"2024-12-16T16:35:16","slug":"privacy-policy","status":"publish","type":"page","link":"https:\/\/salgueirohome.com\/pt\/privacy-policy\/","title":{"rendered":"Privacy Policy"},"content":{"rendered":"<div data-elementor-type=\"wp-page\" data-elementor-id=\"37350\" class=\"elementor elementor-37350\" data-elementor-post-type=\"page\">\n\t\t\t\t\t\t<section class=\"elementor-section elementor-top-section elementor-element elementor-element-e3d656 scheme_default elementor-section-boxed elementor-section-height-default elementor-section-height-default sc_fly_static\" data-id=\"e3d656\" data-element_type=\"section\" data-settings=\"{&quot;background_background&quot;:&quot;classic&quot;}\">\n\t\t\t\t\t\t<div class=\"elementor-container elementor-column-gap-extended\">\n\t\t\t\t\t<div class=\"elementor-column elementor-col-100 elementor-top-column elementor-element elementor-element-4f1e94d5 sc_content_align_inherit sc_layouts_column_icons_position_left sc_fly_static\" data-id=\"4f1e94d5\" data-element_type=\"column\">\n\t\t\t<div class=\"elementor-widget-wrap elementor-element-populated\">\n\t\t\t\t\t\t<div class=\"elementor-element elementor-element-727024a4 sc_fly_static elementor-widget elementor-widget-text-editor\" data-id=\"727024a4\" data-element_type=\"widget\" data-widget_type=\"text-editor.default\">\n\t\t\t\t<div class=\"elementor-widget-container\">\n\t\t\t\t\t\t\t<h5>1. Condi\u00e7\u00f5es Gerais<\/h5><p>Esta Pol\u00edtica de Privacidade tem como objetivo explicar-lhe qual a Pol\u00edtica de tratamento de dados pessoais praticada pela Salgueiro Home uma vez que, para a concretiza\u00e7\u00e3o da entrega dos nossos produtos e comunica\u00e7\u00e3o com os nossos clientes \u00e9 essencial e imperativo um total conhecimento da mesma.<\/p><p>Esta aplica\u00e7\u00e3o e correspondente Pol\u00edtica de Privacidade s\u00e3o geridos pela M.A.Salgueiro, S.A.,\u00a0\u00a0empresa registada no R.C.R.C. Lisboa sob o n\u00ba 500 177 201, com sede social na Avenida Almirante Reis, 80C, em Lisboa, Portugal.<\/p><p>Estas condi\u00e7\u00f5es consagram os direitos e obriga\u00e7\u00f5es de todos os utilizadores (\"O Utilizador\"), por um lado, e os da Salgueiro Home (\"n\u00f3s\" \/ \"nosso\" \/\"O Vendedor\"), por outro, relativos aos bens\/servi\u00e7os disponibilizados nesta APP, de agora em diante conjuntamente designados \"servi\u00e7os Salgueiro Home\".<\/p><h5>2. Pol\u00edtica de privacidade<\/h5><p>A Salgueiro Home reconhece a import\u00e2ncia de proteger os seus dados pessoais, qualquer que seja a sua natureza e valoriza, acima de tudo, a honestidade e a transpar\u00eancia para que seja poss\u00edvel construir uma rela\u00e7\u00e3o s\u00f3lida e duradoura com os clientes baseada na confian\u00e7a e no benef\u00edcio m\u00fatuo.<\/p><p>A Salgueiro Home assume desta forma o compromisso de conformidade para com o Regulamento Geral de Prote\u00e7\u00e3o de Dados, identificado como sendo o REGULAMENTO (UE) 2016\/679 DO PARLAMENTO EUROPEU E DO CONSELHO de 27 de abril de 2016.<\/p><p>Neste \u00e2mbito, a Salgueiro Home assegura que todos os seus titulares de dados ter\u00e3o condi\u00e7\u00f5es de exercer os seus direitos, tendo para este efeito sido nomeado um Encarregado de Prote\u00e7\u00e3o de Dados de acordo com os artigos 37\u00ba, 38\u00ba e 39\u00ba do acima referido regulamento.<br \/>Qualquer titular de dados, para exercer os seus direitos e\/ou apresentar qualquer quest\u00e3o relacionada com este tema, tem ao seu dispor o contacto de email: <a href=\"mailto: privacidade@salgueirohome.com\"><strong>privacidade@salgueirohome.com<\/strong><\/a><\/p><h5>3. Recolha e tratamento de dados pessoais<\/h5><p>A aquisi\u00e7\u00e3o de dados dos titulares ser\u00e1 feita atrav\u00e9s de ferramentas que permitir\u00e3o o consentimento informado e positivo, a identifica\u00e7\u00e3o das regras de processamento transparente dos dados colocados ao cuidado da Salgueiro Home, assim como o tempo e a devida sustenta\u00e7\u00e3o da reten\u00e7\u00e3o dos dados confiados \u00e0 guarda da Salgueiro Home, garantindo sempre a sua confidencialidade.<\/p><p>Os dados pessoais recolhidos s\u00e3o: nome, morada, sexo, data de nascimento, email, telem\u00f3vel, morada e NIF.<\/p><h5>4. Finalidade do tratamento de dados pessoais<\/h5><p>Os dados pessoais que tratamos na Salgueiro Home ser\u00e3o unicamente utilizados para as seguintes finalidades:<\/p><ul><li>Processamento de encomendas;<\/li><li>Comunica\u00e7\u00e3o com clientes e esclarecimento de d\u00favidas;<\/li><li>Processamento de pedidos de informa\u00e7\u00e3o;<\/li><li>Processamento de reclama\u00e7\u00f5es;<\/li><li>Comunica\u00e7\u00f5es de marketing;<\/li><\/ul><h5>5. Transfer\u00eancia de datos personales<\/h5><p>Por forma a poder cumprir com o objeto da presente app, a Salgueiro Home ir\u00e1 ceder os seus dados pessoais a outras entidades, que os ir\u00e3o tratar, para as seguintes finalidades:<\/p><ul><li>Atividades de gest\u00e3o e processamento de pagamentos;<\/li><li>Presta\u00e7\u00e3o de servi\u00e7os Salgueiro Home;<\/li><li>Entrega e gest\u00e3o de envios das encomendas.<\/li><\/ul><h5>6. Consentimento<\/h5><p>O respeito pela vontade do cliente \u00e9 das principais preocupa\u00e7\u00f5es da Salgueiro Home no que diz respeito ao tratamento dos seus dados pessoais. Todavia, n\u00e3o queremos afetar a rela\u00e7\u00e3o que temos consigo nem ficar aqu\u00e9m das suas expectativas. Assim consider\u00e1mos que, se manteve uma rela\u00e7\u00e3o connosco nos \u00faltimos 2 anos, isto \u00e9, se efetuou uma compra, n\u00e3o se revelou necess\u00e1rio termos-lhe pedido consentimento. Ainda assim, se discordar, pode a todo o momento opor-se, escrevendo-nos para o email <a href=\"mailto:privacidade@salgueirohome.com\"><strong>privacidade@salgueirohome.com<\/strong><\/a><\/p><h5>7. Per\u00edodo de reten\u00e7\u00e3o de dados<\/h5><p>Os seus dados s\u00e3o conservados pela Salgueiro Home para as finalidades aqui descritas durante o tempo necess\u00e1rio para os fins acima citados, exceto se os dados pessoais em causa sejam necess\u00e1rios para comprovar o cumprimento de obriga\u00e7\u00f5es, enquanto n\u00e3o decorrer o prazo de prescri\u00e7\u00e3o dos direitos correspetivos, ou caso exista um prazo superior de conserva\u00e7\u00e3o de dados imposto por lei.<\/p><p>Quando os seus dados pessoais j\u00e1 n\u00e3o forem necess\u00e1rios, ser\u00e3o removidos dos nossos sistemas e registos ou mantidos de forma an\u00f3nima para que n\u00e3o possa ser identificado a partir dos mesmos.<\/p><h5>9. Direito ao esquecimento<\/h5><p>De acordo com as disposi\u00e7\u00f5es do RGPD, o utilizador pode exercer a todo o tempo os seus direitos de acesso, retifica\u00e7\u00e3o, apagamento, limita\u00e7\u00e3o, oposi\u00e7\u00e3o e portabilidade,\u00a0atrav\u00e9s do envio de uma comunica\u00e7\u00e3o\u00a0email para o contacto: <a href=\"mailto: privacidade@salgueirohome.com\"><strong>privacidade@salgueirohome.com.<\/strong><\/a><\/p><p>Na sequ\u00eancia do registo da reclama\u00e7\u00e3o realizado por esta via, a Salgueiro Home assegura a execu\u00e7\u00e3o de um processo de comunica\u00e7\u00e3o com o titular de dados, informando-o atempadamente e de acordo com o estipulado pelo acima identificado regulamento, em cada passo do tratamento da sua reclama\u00e7\u00e3o.<\/p>\t\t\t\t\t\t<\/div>\n\t\t\t\t<\/div>\n\t\t\t\t\t<\/div>\n\t\t<\/div>\n\t\t\t\t\t<\/div>\n\t\t<\/section>\n\t\t\t\t<section class=\"elementor-section elementor-top-section elementor-element elementor-element-5d3d5fd5 elementor-section-boxed elementor-section-height-default elementor-section-height-default sc_fly_static\" data-id=\"5d3d5fd5\" data-element_type=\"section\">\n\t\t\t\t\t\t<div class=\"elementor-container elementor-column-gap-extended\">\n\t\t\t\t\t<div class=\"elementor-column elementor-col-100 elementor-top-column elementor-element elementor-element-3707126e sc_content_align_inherit sc_layouts_column_icons_position_left sc_fly_static\" data-id=\"3707126e\" data-element_type=\"column\">\n\t\t\t<div class=\"elementor-widget-wrap elementor-element-populated\">\n\t\t\t\t\t\t<div class=\"elementor-element elementor-element-2e06fbb0 sc_fly_static elementor-widget elementor-widget-spacer\" data-id=\"2e06fbb0\" data-element_type=\"widget\" data-widget_type=\"spacer.default\">\n\t\t\t\t<div class=\"elementor-widget-container\">\n\t\t\t\t\t<div class=\"elementor-spacer\">\n\t\t\t<div class=\"elementor-spacer-inner\"><\/div>\n\t\t<\/div>\n\t\t\t\t<\/div>\n\t\t\t\t<\/div>\n\t\t\t\t\t<\/div>\n\t\t<\/div>\n\t\t\t\t\t<\/div>\n\t\t<\/section>\n\t\t\t\t<\/div>","protected":false},"excerpt":{"rendered":"<p>1. General Conditions The purpose of this Privacy Policy is to explain to you the personal data processing policy applied by Salgueiro Home since, in order to deliver our products&hellip;<\/p>","protected":false},"author":1,"featured_media":0,"parent":0,"menu_order":0,"comment_status":"closed","ping_status":"closed","template":"elementor_header_footer","meta":{"footnotes":""},"class_list":["post-37350","page","type-page","status-publish","hentry"],"yoast_head":"<!-- This site is optimized with the Yoast SEO plugin v24.0 - https:\/\/yoast.com\/wordpress\/plugins\/seo\/ -->\n<title>Privacy Policy - Salgueiro Home<\/title>\n<meta name=\"robots\" content=\"index, follow, max-snippet:-1, max-image-preview:large, max-video-preview:-1\" \/>\n<link rel=\"canonical\" href=\"https:\/\/salgueirohome.com\/pt\/privacy-policy\/\" \/>\n<meta property=\"og:locale\" content=\"pt_PT\" \/>\n<meta property=\"og:type\" content=\"article\" \/>\n<meta property=\"og:title\" content=\"Privacy Policy - Salgueiro Home\" \/>\n<meta property=\"og:description\" content=\"1. General Conditions The purpose of this Privacy Policy is to explain to you the personal data processing policy applied by Salgueiro Home since, in order to deliver our products&hellip;\" \/>\n<meta property=\"og:url\" content=\"https:\/\/salgueirohome.com\/pt\/privacy-policy\/\" \/>\n<meta property=\"og:site_name\" content=\"Salgueiro Home\" \/>\n<meta property=\"article:publisher\" content=\"https:\/\/pt-pt.facebook.com\/MASALGUEIROSA\" \/>\n<meta property=\"article:modified_time\" content=\"2024-12-16T16:35:16+00:00\" \/>\n<meta name=\"twitter:card\" content=\"summary_large_image\" \/>\n<meta name=\"twitter:label1\" content=\"Tempo estimado de leitura\" \/>\n\t<meta name=\"twitter:data1\" content=\"4 minutos\" \/>\n<script type=\"application\/ld+json\" class=\"yoast-schema-graph\">{\"@context\":\"https:\/\/schema.org\",\"@graph\":[{\"@type\":\"WebPage\",\"@id\":\"https:\/\/salgueirohome.com\/pt\/privacy-policy\/\",\"url\":\"https:\/\/salgueirohome.com\/pt\/privacy-policy\/\",\"name\":\"Privacy Policy - Salgueiro Home\",\"isPartOf\":{\"@id\":\"https:\/\/salgueirohome.com\/#website\"},\"datePublished\":\"2024-03-04T13:12:52+00:00\",\"dateModified\":\"2024-12-16T16:35:16+00:00\",\"breadcrumb\":{\"@id\":\"https:\/\/salgueirohome.com\/pt\/privacy-policy\/#breadcrumb\"},\"inLanguage\":\"pt-PT\",\"potentialAction\":[{\"@type\":\"ReadAction\",\"target\":[\"https:\/\/salgueirohome.com\/pt\/privacy-policy\/\"]}]},{\"@type\":\"BreadcrumbList\",\"@id\":\"https:\/\/salgueirohome.com\/pt\/privacy-policy\/#breadcrumb\",\"itemListElement\":[{\"@type\":\"ListItem\",\"position\":1,\"name\":\"Home\",\"item\":\"https:\/\/salgueirohome.com\/\"},{\"@type\":\"ListItem\",\"position\":2,\"name\":\"Privacy Policy\"}]},{\"@type\":\"WebSite\",\"@id\":\"https:\/\/salgueirohome.com\/#website\",\"url\":\"https:\/\/salgueirohome.com\/\",\"name\":\"Salgueiro Home\",\"description\":\"Sector das Tape\u00e7arias e Decora\u00e7\u00e3o\",\"publisher\":{\"@id\":\"https:\/\/salgueirohome.com\/#organization\"},\"potentialAction\":[{\"@type\":\"SearchAction\",\"target\":{\"@type\":\"EntryPoint\",\"urlTemplate\":\"https:\/\/salgueirohome.com\/?s={search_term_string}\"},\"query-input\":{\"@type\":\"PropertyValueSpecification\",\"valueRequired\":true,\"valueName\":\"search_term_string\"}}],\"inLanguage\":\"pt-PT\"},{\"@type\":\"Organization\",\"@id\":\"https:\/\/salgueirohome.com\/#organization\",\"name\":\"Salgueiro Home\",\"url\":\"https:\/\/salgueirohome.com\/\",\"logo\":{\"@type\":\"ImageObject\",\"inLanguage\":\"pt-PT\",\"@id\":\"https:\/\/salgueirohome.com\/#\/schema\/logo\/image\/\",\"url\":\"https:\/\/salgueirohome.com\/wp-content\/uploads\/2024\/10\/Salgueiro-Home-01-e1728660272428.png\",\"contentUrl\":\"https:\/\/salgueirohome.com\/wp-content\/uploads\/2024\/10\/Salgueiro-Home-01-e1728660272428.png\",\"width\":3099,\"height\":771,\"caption\":\"Salgueiro Home\"},\"image\":{\"@id\":\"https:\/\/salgueirohome.com\/#\/schema\/logo\/image\/\"},\"sameAs\":[\"https:\/\/pt-pt.facebook.com\/MASALGUEIROSA\",\"https:\/\/www.instagram.com\/salgueirohome\/\",\"https:\/\/www.linkedin.com\/company\/masalgueiro\/\"]}]}<\/script>\n<!-- \/ Yoast SEO plugin. -->","yoast_head_json":{"title":"Privacy Policy - Salgueiro Home","robots":{"index":"index","follow":"follow","max-snippet":"max-snippet:-1","max-image-preview":"max-image-preview:large","max-video-preview":"max-video-preview:-1"},"canonical":"https:\/\/salgueirohome.com\/pt\/privacy-policy\/","og_locale":"pt_PT","og_type":"article","og_title":"Privacy Policy - Salgueiro Home","og_description":"1. General Conditions The purpose of this Privacy Policy is to explain to you the personal data processing policy applied by Salgueiro Home since, in order to deliver our products&hellip;","og_url":"https:\/\/salgueirohome.com\/pt\/privacy-policy\/","og_site_name":"Salgueiro Home","article_publisher":"https:\/\/pt-pt.facebook.com\/MASALGUEIROSA","article_modified_time":"2024-12-16T16:35:16+00:00","twitter_card":"summary_large_image","twitter_misc":{"Tempo estimado de leitura":"4 minutos"},"schema":{"@context":"https:\/\/schema.org","@graph":[{"@type":"WebPage","@id":"https:\/\/salgueirohome.com\/pt\/privacy-policy\/","url":"https:\/\/salgueirohome.com\/pt\/privacy-policy\/","name":"Privacy Policy - Salgueiro Home","isPartOf":{"@id":"https:\/\/salgueirohome.com\/#website"},"datePublished":"2024-03-04T13:12:52+00:00","dateModified":"2024-12-16T16:35:16+00:00","breadcrumb":{"@id":"https:\/\/salgueirohome.com\/pt\/privacy-policy\/#breadcrumb"},"inLanguage":"pt-PT","potentialAction":[{"@type":"ReadAction","target":["https:\/\/salgueirohome.com\/pt\/privacy-policy\/"]}]},{"@type":"BreadcrumbList","@id":"https:\/\/salgueirohome.com\/pt\/privacy-policy\/#breadcrumb","itemListElement":[{"@type":"ListItem","position":1,"name":"Home","item":"https:\/\/salgueirohome.com\/"},{"@type":"ListItem","position":2,"name":"Privacy Policy"}]},{"@type":"WebSite","@id":"https:\/\/salgueirohome.com\/#website","url":"https:\/\/salgueirohome.com\/","name":"Salgueiro Home","description":"Sector das Tape\u00e7arias e Decora\u00e7\u00e3o","publisher":{"@id":"https:\/\/salgueirohome.com\/#organization"},"potentialAction":[{"@type":"SearchAction","target":{"@type":"EntryPoint","urlTemplate":"https:\/\/salgueirohome.com\/?s={search_term_string}"},"query-input":{"@type":"PropertyValueSpecification","valueRequired":true,"valueName":"search_term_string"}}],"inLanguage":"pt-PT"},{"@type":"Organization","@id":"https:\/\/salgueirohome.com\/#organization","name":"Salgueiro Home","url":"https:\/\/salgueirohome.com\/","logo":{"@type":"ImageObject","inLanguage":"pt-PT","@id":"https:\/\/salgueirohome.com\/#\/schema\/logo\/image\/","url":"https:\/\/salgueirohome.com\/wp-content\/uploads\/2024\/10\/Salgueiro-Home-01-e1728660272428.png","contentUrl":"https:\/\/salgueirohome.com\/wp-content\/uploads\/2024\/10\/Salgueiro-Home-01-e1728660272428.png","width":3099,"height":771,"caption":"Salgueiro Home"},"image":{"@id":"https:\/\/salgueirohome.com\/#\/schema\/logo\/image\/"},"sameAs":["https:\/\/pt-pt.facebook.com\/MASALGUEIROSA","https:\/\/www.instagram.com\/salgueirohome\/","https:\/\/www.linkedin.com\/company\/masalgueiro\/"]}]}},"_links":{"self":[{"href":"https:\/\/salgueirohome.com\/pt\/wp-json\/wp\/v2\/pages\/37350","targetHints":{"allow":["GET"]}}],"collection":[{"href":"https:\/\/salgueirohome.com\/pt\/wp-json\/wp\/v2\/pages"}],"about":[{"href":"https:\/\/salgueirohome.com\/pt\/wp-json\/wp\/v2\/types\/page"}],"author":[{"embeddable":true,"href":"https:\/\/salgueirohome.com\/pt\/wp-json\/wp\/v2\/users\/1"}],"replies":[{"embeddable":true,"href":"https:\/\/salgueirohome.com\/pt\/wp-json\/wp\/v2\/comments?post=37350"}],"version-history":[{"count":31,"href":"https:\/\/salgueirohome.com\/pt\/wp-json\/wp\/v2\/pages\/37350\/revisions"}],"predecessor-version":[{"id":40417,"href":"https:\/\/salgueirohome.com\/pt\/wp-json\/wp\/v2\/pages\/37350\/revisions\/40417"}],"wp:attachment":[{"href":"https:\/\/salgueirohome.com\/pt\/wp-json\/wp\/v2\/media?parent=37350"}],"curies":[{"name":"wp","href":"https:\/\/api.w.org\/{rel}","templated":true}]}}