{"id":39084,"date":"2024-11-28T17:45:40","date_gmt":"2024-11-28T17:45:40","guid":{"rendered":"https:\/\/salgueirohome.com\/?page_id=39084"},"modified":"2024-12-16T16:47:31","modified_gmt":"2024-12-16T16:47:31","slug":"contacts","status":"publish","type":"page","link":"https:\/\/salgueirohome.com\/fr\/contacts\/","title":{"rendered":"Contacts"},"content":{"rendered":"<div data-elementor-type=\"wp-page\" data-elementor-id=\"39084\" class=\"elementor elementor-39084\" data-elementor-post-type=\"page\">\n\t\t\t\t\t\t<section class=\"elementor-section elementor-top-section elementor-element elementor-element-16f2a19 elementor-section-full_width elementor-section-height-default elementor-section-height-default sc_fly_static\" data-id=\"16f2a19\" data-element_type=\"section\" data-settings=\"{&quot;background_background&quot;:&quot;classic&quot;}\">\n\t\t\t\t\t\t<div class=\"elementor-container elementor-column-gap-no\">\n\t\t\t\t\t<div class=\"elementor-column elementor-col-100 elementor-top-column elementor-element elementor-element-cf93506 sc_content_align_inherit sc_layouts_column_icons_position_left sc_fly_static\" data-id=\"cf93506\" data-element_type=\"column\">\n\t\t\t<div class=\"elementor-widget-wrap elementor-element-populated\">\n\t\t\t\t\t\t<div class=\"elementor-element elementor-element-cfd0320 sc_height_huge sc_fly_static elementor-widget elementor-widget-spacer\" data-id=\"cfd0320\" data-element_type=\"widget\" data-widget_type=\"spacer.default\">\n\t\t\t\t<div class=\"elementor-widget-container\">\n\t\t\t\t\t<div class=\"elementor-spacer\">\n\t\t\t<div class=\"elementor-spacer-inner\"><\/div>\n\t\t<\/div>\n\t\t\t\t<\/div>\n\t\t\t\t<\/div>\n\t\t\t\t\t<\/div>\n\t\t<\/div>\n\t\t\t\t\t<\/div>\n\t\t<\/section>\n\t\t\t\t<section class=\"elementor-section elementor-top-section elementor-element elementor-element-f55bcc3 elementor-section-boxed elementor-section-height-default elementor-section-height-default sc_fly_static\" data-id=\"f55bcc3\" data-element_type=\"section\">\n\t\t\t\t\t\t<div class=\"elementor-container elementor-column-gap-extended\">\n\t\t\t\t\t<div class=\"elementor-column elementor-col-50 elementor-top-column elementor-element elementor-element-15ebe00 sc_content_align_inherit sc_layouts_column_icons_position_left sc_fly_static\" data-id=\"15ebe00\" data-element_type=\"column\">\n\t\t\t<div class=\"elementor-widget-wrap elementor-element-populated\">\n\t\t\t\t\t\t<div class=\"elementor-element elementor-element-cbb3985 sc_fly_static elementor-widget elementor-widget-trx_sc_title\" data-id=\"cbb3985\" data-element_type=\"widget\" data-widget_type=\"trx_sc_title.default\">\n\t\t\t\t<div class=\"elementor-widget-container\">\n\t\t\t<div\t\tclass=\"sc_title sc_title_default\" ><span class=\"sc_item_subtitle sc_title_subtitle sc_item_subtitle_above sc_item_title_style_default\">Contacts<\/span><h1 class=\"sc_item_title sc_title_title sc_item_title_style_default sc_item_title_tag\"\n\t\t\t><span class=\"sc_item_title_text\">Avez-vous un projet? <br><\/span><span class=\"sc_item_title_text2\">Parlez-nous!<\/span><\/h1><\/div>\t\t<\/div>\n\t\t\t\t<\/div>\n\t\t\t\t<div class=\"elementor-element elementor-element-7d79354 sc_fly_static elementor-widget elementor-widget-spacer\" data-id=\"7d79354\" data-element_type=\"widget\" data-widget_type=\"spacer.default\">\n\t\t\t\t<div class=\"elementor-widget-container\">\n\t\t\t\t\t<div class=\"elementor-spacer\">\n\t\t\t<div class=\"elementor-spacer-inner\"><\/div>\n\t\t<\/div>\n\t\t\t\t<\/div>\n\t\t\t\t<\/div>\n\t\t\t\t<div class=\"elementor-element elementor-element-84a1ec6 sc_fly_static elementor-widget elementor-widget-trx_sc_icons\" data-id=\"84a1ec6\" data-element_type=\"widget\" data-widget_type=\"trx_sc_icons.default\">\n\t\t\t\t<div class=\"elementor-widget-container\">\n\t\t\t<div \tclass=\"sc_icons sc_icons_simple sc_icons_size_small sc_align_none\" ><div class=\"sc_icons_item sc_icons_item_linked\"><div class=\"sc_icons_icon sc_icon_type_ icon-marker\" style=\"color: #060606\" ><span class=\"sc_icon_type_ icon-marker\" style=\"color: #060606\"><\/span><\/div><div class=\"sc_icons_item_details\"><div class=\"sc_icons_item_description\"><span>Rua dos Limites n\u00ba 75, 4500-486 Silvalde <\/span><span> Espinho - PORTUGAL<\/span><\/div><a href=\"https:\/\/maps.app.goo.gl\/4soSfVSqcCtRHkqs8\"\n                        class=\"sc_icons_item_link\" target=\"_blank\">\n                        <\/a><\/div><\/div><\/div><!-- \/.sc_icons -->\t\t<\/div>\n\t\t\t\t<\/div>\n\t\t\t\t<div class=\"elementor-element elementor-element-37099b9 sc_fly_static elementor-widget elementor-widget-trx_sc_icons\" data-id=\"37099b9\" data-element_type=\"widget\" data-widget_type=\"trx_sc_icons.default\">\n\t\t\t\t<div class=\"elementor-widget-container\">\n\t\t\t<div \tclass=\"sc_icons sc_icons_simple sc_icons_size_small sc_align_none\" ><div class=\"sc_icons_item sc_icons_item_linked\"><div class=\"sc_icons_icon sc_icon_type_ icon-whatsapp\" style=\"color: #060606\" ><span class=\"sc_icon_type_ icon-whatsapp\" style=\"color: #060606\"><\/span><\/div><div class=\"sc_icons_item_details\"><div class=\"sc_icons_item_description\"><span>+ 351 911 082 707<\/span><\/div><a href=\"tel:+%20351%20911%20082%20707\"\n                        class=\"sc_icons_item_link\">\n                        <\/a><\/div><\/div><div class=\"sc_icons_item sc_icons_item_linked\"><div class=\"sc_icons_icon sc_icon_type_ icon-iphone\" style=\"color: #060606\" ><span class=\"sc_icon_type_ icon-iphone\" style=\"color: #060606\"><\/span><\/div><div class=\"sc_icons_item_details\"><div class=\"sc_icons_item_description\"><span>+351 227 335 200<\/span><\/div><a href=\"tel:+351%20227%20335%20200\"\n                        class=\"sc_icons_item_link\">\n                        <\/a><\/div><\/div><\/div><!-- \/.sc_icons -->\t\t<\/div>\n\t\t\t\t<\/div>\n\t\t\t\t<div class=\"elementor-element elementor-element-3078710 elementor-icon-list--layout-traditional elementor-list-item-link-full_width sc_fly_static elementor-widget elementor-widget-icon-list\" data-id=\"3078710\" data-element_type=\"widget\" data-widget_type=\"icon-list.default\">\n\t\t\t\t<div class=\"elementor-widget-container\">\n\t\t\t\t\t<ul class=\"elementor-icon-list-items\">\n\t\t\t\t\t\t\t<li class=\"elementor-icon-list-item\">\n\t\t\t\t\t\t\t\t\t\t\t<span class=\"elementor-icon-list-icon\">\n\t\t\t\t\t\t\t<i aria-hidden=\"true\" class=\"fas fa-info-circle\"><\/i>\t\t\t\t\t\t<\/span>\n\t\t\t\t\t\t\t\t\t\t<span class=\"elementor-icon-list-text\">Appel vers un r\u00e9seau national fixe\/mobile<\/span>\n\t\t\t\t\t\t\t\t\t<\/li>\n\t\t\t\t\t\t<\/ul>\n\t\t\t\t<\/div>\n\t\t\t\t<\/div>\n\t\t\t\t<div class=\"elementor-element elementor-element-f7d04de sc_fly_static elementor-widget elementor-widget-trx_sc_icons\" data-id=\"f7d04de\" data-element_type=\"widget\" data-widget_type=\"trx_sc_icons.default\">\n\t\t\t\t<div class=\"elementor-widget-container\">\n\t\t\t<div \tclass=\"sc_icons sc_icons_simple sc_icons_size_small sc_align_none\" ><div class=\"sc_icons_item\"><div class=\"sc_icons_icon sc_icon_type_ icon-envelope-2\" style=\"color: #060606\" ><span class=\"sc_icon_type_ icon-envelope-2\" style=\"color: #060606\"><\/span><\/div><div class=\"sc_icons_item_details\"><div class=\"sc_icons_item_description\"><span><a href=\"mailto:geral@salgueirohome.com\">geral@salgueirohome.com<\/a><\/span><\/div><\/div><\/div><\/div><!-- \/.sc_icons -->\t\t<\/div>\n\t\t\t\t<\/div>\n\t\t\t\t\t<\/div>\n\t\t<\/div>\n\t\t\t\t<div class=\"elementor-column elementor-col-50 elementor-top-column elementor-element elementor-element-8d796e9 scheme_default sc_content_align_inherit sc_layouts_column_icons_position_left sc_fly_static\" data-id=\"8d796e9\" data-element_type=\"column\">\n\t\t\t<div class=\"elementor-widget-wrap elementor-element-populated\">\n\t\t\t\t\t\t<div class=\"elementor-element elementor-element-5efda64 sc_fly_static elementor-widget elementor-widget-spacer\" data-id=\"5efda64\" data-element_type=\"widget\" data-widget_type=\"spacer.default\">\n\t\t\t\t<div class=\"elementor-widget-container\">\n\t\t\t\t\t<div class=\"elementor-spacer\">\n\t\t\t<div class=\"elementor-spacer-inner\"><\/div>\n\t\t<\/div>\n\t\t\t\t<\/div>\n\t\t\t\t<\/div>\n\t\t\t\t<div class=\"elementor-element elementor-element-f2c5638 elementor-button-align-start sc_fly_static elementor-widget elementor-widget-form\" data-id=\"f2c5638\" data-element_type=\"widget\" data-settings=\"{&quot;step_next_label&quot;:&quot;Next&quot;,&quot;step_previous_label&quot;:&quot;Previous&quot;,&quot;button_width&quot;:&quot;50&quot;,&quot;step_type&quot;:&quot;number_text&quot;,&quot;step_icon_shape&quot;:&quot;circle&quot;}\" data-widget_type=\"form.default\">\n\t\t\t\t<div class=\"elementor-widget-container\">\n\t\t\t\t\t<form class=\"elementor-form\" method=\"post\" name=\"Contacts Form\" action=\"\">\n\t\t\t<input type=\"hidden\" name=\"post_id\" value=\"39084\"\/>\n\t\t\t<input type=\"hidden\" name=\"form_id\" value=\"f2c5638\"\/>\n\t\t\t<input type=\"hidden\" name=\"referer_title\" value=\"Salgueiro Home\" \/>\n\n\t\t\t\n\t\t\t<div class=\"elementor-form-fields-wrapper elementor-labels-\">\n\t\t\t\t\t\t\t\t<div class=\"elementor-field-type-text elementor-field-group elementor-column elementor-field-group-name elementor-col-50\">\n\t\t\t\t\t\t\t\t\t\t\t\t<label for=\"form-field-name\" class=\"elementor-field-label elementor-screen-only\">\n\t\t\t\t\t\t\t\tNom\t\t\t\t\t\t\t<\/label>\n\t\t\t\t\t\t\t\t\t\t\t\t\t\t<input size=\"1\" type=\"text\" name=\"form_fields[name]\" id=\"form-field-name\" class=\"elementor-field elementor-size-sm  elementor-field-textual\" placeholder=\"Nom\">\n\t\t\t\t\t\t\t\t\t\t\t<\/div>\n\t\t\t\t\t\t\t\t<div class=\"elementor-field-type-email elementor-field-group elementor-column elementor-field-group-email elementor-col-50 elementor-field-required\">\n\t\t\t\t\t\t\t\t\t\t\t\t<label for=\"form-field-email\" class=\"elementor-field-label elementor-screen-only\">\n\t\t\t\t\t\t\t\tEmail\t\t\t\t\t\t\t<\/label>\n\t\t\t\t\t\t\t\t\t\t\t\t\t\t<input size=\"1\" type=\"email\" name=\"form_fields[email]\" id=\"form-field-email\" class=\"elementor-field elementor-size-sm  elementor-field-textual\" placeholder=\"Email\" required=\"required\" aria-required=\"true\">\n\t\t\t\t\t\t\t\t\t\t\t<\/div>\n\t\t\t\t\t\t\t\t<div class=\"elementor-field-type-number elementor-field-group elementor-column elementor-field-group-field_8b4ccbe elementor-col-50 elementor-field-required\">\n\t\t\t\t\t\t\t\t\t\t\t\t<label for=\"form-field-field_8b4ccbe\" class=\"elementor-field-label elementor-screen-only\">\n\t\t\t\t\t\t\t\tT\u00e9l\u00e9phone\t\t\t\t\t\t\t<\/label>\n\t\t\t\t\t\t\t\t\t<input type=\"number\" name=\"form_fields[field_8b4ccbe]\" id=\"form-field-field_8b4ccbe\" class=\"elementor-field elementor-size-sm  elementor-field-textual\" placeholder=\"T\u00e9l\u00e9phone\" required=\"required\" aria-required=\"true\" min=\"\" max=\"\" >\n\t\t\t\t\t\t<\/div>\n\t\t\t\t\t\t\t\t<div class=\"elementor-field-type-text elementor-field-group elementor-column elementor-field-group-field_664b015 elementor-col-50 elementor-field-required\">\n\t\t\t\t\t\t\t\t\t\t\t\t<label for=\"form-field-field_664b015\" class=\"elementor-field-label elementor-screen-only\">\n\t\t\t\t\t\t\t\tSujet\t\t\t\t\t\t\t<\/label>\n\t\t\t\t\t\t\t\t\t\t\t\t\t\t<input size=\"1\" type=\"text\" name=\"form_fields[field_664b015]\" id=\"form-field-field_664b015\" class=\"elementor-field elementor-size-sm  elementor-field-textual\" placeholder=\"Sujet\" required=\"required\" aria-required=\"true\">\n\t\t\t\t\t\t\t\t\t\t\t<\/div>\n\t\t\t\t\t\t\t\t<div class=\"elementor-field-type-textarea elementor-field-group elementor-column elementor-field-group-message elementor-col-100\">\n\t\t\t\t\t\t\t\t\t\t\t\t<label for=\"form-field-message\" class=\"elementor-field-label elementor-screen-only\">\n\t\t\t\t\t\t\t\tMessage\t\t\t\t\t\t\t<\/label>\n\t\t\t\t\t\t<textarea class=\"elementor-field-textual elementor-field  elementor-size-sm\" name=\"form_fields[message]\" id=\"form-field-message\" rows=\"3\" placeholder=\"Comment pouvons-nous vous aider ? Laissez votre message ici\"><\/textarea>\t\t\t\t<\/div>\n\t\t\t\t\t\t\t\t<div class=\"elementor-field-type-checkbox elementor-field-group elementor-column elementor-field-group-field_9faa609 elementor-col-50\">\n\t\t\t\t\t\t\t\t\t\t\t\t<label for=\"form-field-field_9faa609\" class=\"elementor-field-label elementor-screen-only\">\n\t\t\t\t\t\t\t\tCheckbox\t\t\t\t\t\t\t<\/label>\n\t\t\t\t\t\t<div class=\"elementor-field-subgroup\"><span class=\"elementor-field-option\"><input type=\"checkbox\" value=\"I authorise the collection of &lt;a href=&quot;https:\/\/salgueirohome.com\/privacy-policy\/&quot;&gt;my data.&lt;\/a&gt;\" id=\"form-field-field_9faa609-0\" name=\"form_fields[field_9faa609]\"> <label for=\"form-field-field_9faa609-0\">J'autorise la collecte de <a href=\"https:\/\/salgueirohome.com\/fr\/privacy-policy\/\">mes donn\u00e9es.<\/a><\/label><\/span><\/div>\t\t\t\t<\/div>\n\t\t\t\t\t\t\t\t<div class=\"elementor-field-group elementor-column elementor-field-type-submit elementor-col-50 e-form__buttons\">\n\t\t\t\t\t<button class=\"elementor-button elementor-size-md\" type=\"submit\">\n\t\t\t\t\t\t<span class=\"elementor-button-content-wrapper\">\n\t\t\t\t\t\t\t\t\t\t\t\t\t\t\t\t\t\t\t\t\t\t<span class=\"elementor-button-text\">Envoyer<\/span>\n\t\t\t\t\t\t\t\t\t\t\t\t\t<\/span>\n\t\t\t\t\t<\/button>\n\t\t\t\t<\/div>\n\t\t\t<\/div>\n\t\t<input type=\"hidden\" name=\"trp-form-language\" value=\"fr\"\/><\/form>\n\t\t\t\t<\/div>\n\t\t\t\t<\/div>\n\t\t\t\t\t<\/div>\n\t\t<\/div>\n\t\t\t\t\t<\/div>\n\t\t<\/section>\n\t\t\t\t<section class=\"elementor-section elementor-top-section elementor-element elementor-element-8d26021 elementor-section-boxed elementor-section-height-default elementor-section-height-default sc_fly_static\" data-id=\"8d26021\" data-element_type=\"section\" data-settings=\"{&quot;background_background&quot;:&quot;classic&quot;}\">\n\t\t\t\t\t\t<div class=\"elementor-container elementor-column-gap-no\">\n\t\t\t\t\t<div class=\"elementor-column elementor-col-100 elementor-top-column elementor-element elementor-element-f718888 sc_content_align_inherit sc_layouts_column_icons_position_left sc_fly_static\" data-id=\"f718888\" data-element_type=\"column\">\n\t\t\t<div class=\"elementor-widget-wrap elementor-element-populated\">\n\t\t\t\t\t\t<div class=\"elementor-element elementor-element-f42e5d9 sc_height_huge sc_fly_static elementor-widget elementor-widget-spacer\" data-id=\"f42e5d9\" data-element_type=\"widget\" data-widget_type=\"spacer.default\">\n\t\t\t\t<div class=\"elementor-widget-container\">\n\t\t\t\t\t<div class=\"elementor-spacer\">\n\t\t\t<div class=\"elementor-spacer-inner\"><\/div>\n\t\t<\/div>\n\t\t\t\t<\/div>\n\t\t\t\t<\/div>\n\t\t\t\t\t<\/div>\n\t\t<\/div>\n\t\t\t\t\t<\/div>\n\t\t<\/section>\n\t\t\t\t<\/div>","protected":false},"excerpt":{"rendered":"<p>Contacts Do you have a project? Talk to us! Rua dos Limites n\u00ba 75, 4500-486 Silvalde Espinho &#8211; PORTUGAL + 351 911 082 707 +351 227 335 200 Call to&hellip;<\/p>","protected":false},"author":1,"featured_media":0,"parent":0,"menu_order":0,"comment_status":"closed","ping_status":"closed","template":"","meta":{"footnotes":""},"class_list":["post-39084","page","type-page","status-publish","hentry"],"yoast_head":"<!-- This site is optimized with the Yoast SEO plugin v24.0 - https:\/\/yoast.com\/wordpress\/plugins\/seo\/ -->\n<title>Contacts - Salgueiro Home<\/title>\n<meta name=\"robots\" content=\"index, follow, max-snippet:-1, max-image-preview:large, max-video-preview:-1\" \/>\n<link rel=\"canonical\" href=\"https:\/\/salgueirohome.com\/fr\/contacts\/\" \/>\n<meta property=\"og:locale\" content=\"fr_FR\" \/>\n<meta property=\"og:type\" content=\"article\" \/>\n<meta property=\"og:title\" content=\"Contacts - Salgueiro Home\" \/>\n<meta property=\"og:description\" content=\"Contacts Do you have a project? Talk to us! Rua dos Limites n\u00ba 75, 4500-486 Silvalde Espinho &#8211; PORTUGAL + 351 911 082 707 +351 227 335 200 Call to&hellip;\" \/>\n<meta property=\"og:url\" content=\"https:\/\/salgueirohome.com\/fr\/contacts\/\" \/>\n<meta property=\"og:site_name\" content=\"Salgueiro Home\" \/>\n<meta property=\"article:publisher\" content=\"https:\/\/pt-pt.facebook.com\/MASALGUEIROSA\" \/>\n<meta property=\"article:modified_time\" content=\"2024-12-16T16:47:31+00:00\" \/>\n<meta name=\"twitter:card\" content=\"summary_large_image\" \/>\n<meta name=\"twitter:label1\" content=\"Dur\u00e9e de lecture estim\u00e9e\" \/>\n\t<meta name=\"twitter:data1\" content=\"1 minute\" \/>\n<script type=\"application\/ld+json\" class=\"yoast-schema-graph\">{\"@context\":\"https:\/\/schema.org\",\"@graph\":[{\"@type\":\"WebPage\",\"@id\":\"https:\/\/salgueirohome.com\/contacts\/\",\"url\":\"https:\/\/salgueirohome.com\/contacts\/\",\"name\":\"Contacts - Salgueiro Home\",\"isPartOf\":{\"@id\":\"https:\/\/salgueirohome.com\/#website\"},\"datePublished\":\"2024-11-28T17:45:40+00:00\",\"dateModified\":\"2024-12-16T16:47:31+00:00\",\"breadcrumb\":{\"@id\":\"https:\/\/salgueirohome.com\/contacts\/#breadcrumb\"},\"inLanguage\":\"fr-FR\",\"potentialAction\":[{\"@type\":\"ReadAction\",\"target\":[\"https:\/\/salgueirohome.com\/contacts\/\"]}]},{\"@type\":\"BreadcrumbList\",\"@id\":\"https:\/\/salgueirohome.com\/contacts\/#breadcrumb\",\"itemListElement\":[{\"@type\":\"ListItem\",\"position\":1,\"name\":\"Home\",\"item\":\"https:\/\/salgueirohome.com\/\"},{\"@type\":\"ListItem\",\"position\":2,\"name\":\"Contacts\"}]},{\"@type\":\"WebSite\",\"@id\":\"https:\/\/salgueirohome.com\/#website\",\"url\":\"https:\/\/salgueirohome.com\/\",\"name\":\"Salgueiro Home\",\"description\":\"Sector das Tape\u00e7arias e Decora\u00e7\u00e3o\",\"publisher\":{\"@id\":\"https:\/\/salgueirohome.com\/#organization\"},\"potentialAction\":[{\"@type\":\"SearchAction\",\"target\":{\"@type\":\"EntryPoint\",\"urlTemplate\":\"https:\/\/salgueirohome.com\/?s={search_term_string}\"},\"query-input\":{\"@type\":\"PropertyValueSpecification\",\"valueRequired\":true,\"valueName\":\"search_term_string\"}}],\"inLanguage\":\"fr-FR\"},{\"@type\":\"Organization\",\"@id\":\"https:\/\/salgueirohome.com\/#organization\",\"name\":\"Salgueiro Home\",\"url\":\"https:\/\/salgueirohome.com\/\",\"logo\":{\"@type\":\"ImageObject\",\"inLanguage\":\"fr-FR\",\"@id\":\"https:\/\/salgueirohome.com\/#\/schema\/logo\/image\/\",\"url\":\"https:\/\/salgueirohome.com\/wp-content\/uploads\/2024\/10\/Salgueiro-Home-01-e1728660272428.png\",\"contentUrl\":\"https:\/\/salgueirohome.com\/wp-content\/uploads\/2024\/10\/Salgueiro-Home-01-e1728660272428.png\",\"width\":3099,\"height\":771,\"caption\":\"Salgueiro Home\"},\"image\":{\"@id\":\"https:\/\/salgueirohome.com\/#\/schema\/logo\/image\/\"},\"sameAs\":[\"https:\/\/pt-pt.facebook.com\/MASALGUEIROSA\",\"https:\/\/www.instagram.com\/salgueirohome\/\",\"https:\/\/www.linkedin.com\/company\/masalgueiro\/\"]}]}<\/script>\n<!-- \/ Yoast SEO plugin. -->","yoast_head_json":{"title":"Contacts - Salgueiro Home","robots":{"index":"index","follow":"follow","max-snippet":"max-snippet:-1","max-image-preview":"max-image-preview:large","max-video-preview":"max-video-preview:-1"},"canonical":"https:\/\/salgueirohome.com\/fr\/contacts\/","og_locale":"fr_FR","og_type":"article","og_title":"Contacts - Salgueiro Home","og_description":"Contacts Do you have a project? Talk to us! Rua dos Limites n\u00ba 75, 4500-486 Silvalde Espinho &#8211; PORTUGAL + 351 911 082 707 +351 227 335 200 Call to&hellip;","og_url":"https:\/\/salgueirohome.com\/fr\/contacts\/","og_site_name":"Salgueiro Home","article_publisher":"https:\/\/pt-pt.facebook.com\/MASALGUEIROSA","article_modified_time":"2024-12-16T16:47:31+00:00","twitter_card":"summary_large_image","twitter_misc":{"Dur\u00e9e de lecture estim\u00e9e":"1 minute"},"schema":{"@context":"https:\/\/schema.org","@graph":[{"@type":"WebPage","@id":"https:\/\/salgueirohome.com\/contacts\/","url":"https:\/\/salgueirohome.com\/contacts\/","name":"Contacts - Salgueiro Home","isPartOf":{"@id":"https:\/\/salgueirohome.com\/#website"},"datePublished":"2024-11-28T17:45:40+00:00","dateModified":"2024-12-16T16:47:31+00:00","breadcrumb":{"@id":"https:\/\/salgueirohome.com\/contacts\/#breadcrumb"},"inLanguage":"fr-FR","potentialAction":[{"@type":"ReadAction","target":["https:\/\/salgueirohome.com\/contacts\/"]}]},{"@type":"BreadcrumbList","@id":"https:\/\/salgueirohome.com\/contacts\/#breadcrumb","itemListElement":[{"@type":"ListItem","position":1,"name":"Home","item":"https:\/\/salgueirohome.com\/"},{"@type":"ListItem","position":2,"name":"Contacts"}]},{"@type":"WebSite","@id":"https:\/\/salgueirohome.com\/#website","url":"https:\/\/salgueirohome.com\/","name":"Salgueiro Home","description":"Sector das Tape\u00e7arias e Decora\u00e7\u00e3o","publisher":{"@id":"https:\/\/salgueirohome.com\/#organization"},"potentialAction":[{"@type":"SearchAction","target":{"@type":"EntryPoint","urlTemplate":"https:\/\/salgueirohome.com\/?s={search_term_string}"},"query-input":{"@type":"PropertyValueSpecification","valueRequired":true,"valueName":"search_term_string"}}],"inLanguage":"fr-FR"},{"@type":"Organization","@id":"https:\/\/salgueirohome.com\/#organization","name":"Salgueiro Home","url":"https:\/\/salgueirohome.com\/","logo":{"@type":"ImageObject","inLanguage":"fr-FR","@id":"https:\/\/salgueirohome.com\/#\/schema\/logo\/image\/","url":"https:\/\/salgueirohome.com\/wp-content\/uploads\/2024\/10\/Salgueiro-Home-01-e1728660272428.png","contentUrl":"https:\/\/salgueirohome.com\/wp-content\/uploads\/2024\/10\/Salgueiro-Home-01-e1728660272428.png","width":3099,"height":771,"caption":"Salgueiro Home"},"image":{"@id":"https:\/\/salgueirohome.com\/#\/schema\/logo\/image\/"},"sameAs":["https:\/\/pt-pt.facebook.com\/MASALGUEIROSA","https:\/\/www.instagram.com\/salgueirohome\/","https:\/\/www.linkedin.com\/company\/masalgueiro\/"]}]}},"_links":{"self":[{"href":"https:\/\/salgueirohome.com\/fr\/wp-json\/wp\/v2\/pages\/39084","targetHints":{"allow":["GET"]}}],"collection":[{"href":"https:\/\/salgueirohome.com\/fr\/wp-json\/wp\/v2\/pages"}],"about":[{"href":"https:\/\/salgueirohome.com\/fr\/wp-json\/wp\/v2\/types\/page"}],"author":[{"embeddable":true,"href":"https:\/\/salgueirohome.com\/fr\/wp-json\/wp\/v2\/users\/1"}],"replies":[{"embeddable":true,"href":"https:\/\/salgueirohome.com\/fr\/wp-json\/wp\/v2\/comments?post=39084"}],"version-history":[{"count":96,"href":"https:\/\/salgueirohome.com\/fr\/wp-json\/wp\/v2\/pages\/39084\/revisions"}],"predecessor-version":[{"id":40435,"href":"https:\/\/salgueirohome.com\/fr\/wp-json\/wp\/v2\/pages\/39084\/revisions\/40435"}],"wp:attachment":[{"href":"https:\/\/salgueirohome.com\/fr\/wp-json\/wp\/v2\/media?parent=39084"}],"curies":[{"name":"wp","href":"https:\/\/api.w.org\/{rel}","templated":true}]}}