{"id":37350,"date":"2024-03-04T13:12:52","date_gmt":"2024-03-04T13:12:52","guid":{"rendered":"https:\/\/salgueirohome.com\/?page_id=37350"},"modified":"2024-12-16T16:35:16","modified_gmt":"2024-12-16T16:35:16","slug":"privacy-policy","status":"publish","type":"page","link":"https:\/\/salgueirohome.com\/fr\/privacy-policy\/","title":{"rendered":"Privacy Policy"},"content":{"rendered":"<div data-elementor-type=\"wp-page\" data-elementor-id=\"37350\" class=\"elementor elementor-37350\" data-elementor-post-type=\"page\">\n\t\t\t\t\t\t<section class=\"elementor-section elementor-top-section elementor-element elementor-element-e3d656 scheme_default elementor-section-boxed elementor-section-height-default elementor-section-height-default sc_fly_static\" data-id=\"e3d656\" data-element_type=\"section\" data-settings=\"{&quot;background_background&quot;:&quot;classic&quot;}\">\n\t\t\t\t\t\t<div class=\"elementor-container elementor-column-gap-extended\">\n\t\t\t\t\t<div class=\"elementor-column elementor-col-100 elementor-top-column elementor-element elementor-element-4f1e94d5 sc_content_align_inherit sc_layouts_column_icons_position_left sc_fly_static\" data-id=\"4f1e94d5\" data-element_type=\"column\">\n\t\t\t<div class=\"elementor-widget-wrap elementor-element-populated\">\n\t\t\t\t\t\t<div class=\"elementor-element elementor-element-727024a4 sc_fly_static elementor-widget elementor-widget-text-editor\" data-id=\"727024a4\" data-element_type=\"widget\" data-widget_type=\"text-editor.default\">\n\t\t\t\t<div class=\"elementor-widget-container\">\n\t\t\t\t\t\t\t<h5>1. Conditions g\u00e9n\u00e9rales<\/h5><p>L'objectif de cette politique de confidentialit\u00e9 est de vous expliquer la politique de traitement des donn\u00e9es personnelles pratiqu\u00e9e par Salgueiro Home car, pour pouvoir livrer nos produits et communiquer avec nos clients, il est essentiel et imp\u00e9ratif que vous en soyez pleinement conscient.<\/p><p>Cette application et la politique de confidentialit\u00e9 correspondante sont g\u00e9r\u00e9es par M.A. Salgueiro, S.A., soci\u00e9t\u00e9 inscrite au R.C.R.C. Lisboa sous le num\u00e9ro 500 177 201, dont le si\u00e8ge social est situ\u00e9 Avenida Almirante Reis, 80C, \u00e0 Lisbonne, Portugal.<\/p><p>Les pr\u00e9sentes conditions d\u00e9finissent les droits et les obligations de tous les utilisateurs (\u00ab l'utilisateur \u00bb), d'une part, et ceux de Salgueiro Home (\u00ab nous \u00bb \/ \u00ab notre \u00bb \/ \u00ab le vendeur \u00bb), d'autre part, en ce qui concerne les biens\/services mis \u00e0 disposition sur cette APP, ci-apr\u00e8s d\u00e9nomm\u00e9s conjointement \u00ab services de Salgueiro Home \u00bb.<\/p><h5>2. Politique de protection de la vie priv\u00e9e<\/h5><p>Salgueiro Home reconna\u00eet l'importance de la protection de vos donn\u00e9es personnelles, quelle que soit leur nature, et valorise avant tout l'honn\u00eatet\u00e9 et la transparence afin de construire une relation solide et durable avec ses clients, bas\u00e9e sur la confiance et le b\u00e9n\u00e9fice mutuel.<\/p><p>Salgueiro Home s'engage donc \u00e0 respecter le R\u00e8glement g\u00e9n\u00e9ral sur la protection des donn\u00e9es, identifi\u00e9 comme \u00e9tant le R\u00c8GLEMENT (UE) 2016\/679 DU PARLEMENT EUROP\u00c9EN ET DU CONSEIL du 27 avril 2016.<\/p><p>Dans ce contexte, Salgueiro Home veille \u00e0 ce que toutes les personnes concern\u00e9es puissent exercer leurs droits et, \u00e0 cette fin, un d\u00e9l\u00e9gu\u00e9 \u00e0 la protection des donn\u00e9es a \u00e9t\u00e9 d\u00e9sign\u00e9 conform\u00e9ment aux articles 37, 38 et 39 du r\u00e8glement susmentionn\u00e9.<br \/>Toute personne concern\u00e9e qui souhaite exercer ses droits et\/ou poser des questions \u00e0 ce sujet peut nous contacter par courrier \u00e9lectronique : <a href=\"mailto: privacidade@salgueirohome.com\"><strong>privacidade@salgueirohome.com<\/strong><\/a><\/p><h5>3. Collecte et traitement des donn\u00e9es \u00e0 caract\u00e8re personnel<\/h5><p>Les donn\u00e9es des personnes concern\u00e9es seront acquises \u00e0 l'aide d'outils permettant un consentement \u00e9clair\u00e9 et positif, l'identification des r\u00e8gles de traitement transparent des donn\u00e9es confi\u00e9es \u00e0 Salgueiro Home, ainsi que le temps et le support n\u00e9cessaires \u00e0 la conservation des donn\u00e9es confi\u00e9es \u00e0 Salgueiro Home, en garantissant toujours leur confidentialit\u00e9.<\/p><p>Les donn\u00e9es personnelles collect\u00e9es sont : le nom, l'adresse, le sexe, la date de naissance, l'adresse \u00e9lectronique, le t\u00e9l\u00e9phone portable, l'adresse et le num\u00e9ro d'identification fiscale (NIF).<\/p><h5>4. Finalit\u00e9 du traitement des donn\u00e9es \u00e0 caract\u00e8re personnel<\/h5><p>Les donn\u00e9es personnelles trait\u00e9es par Salgueiro Home ne seront utilis\u00e9es qu'aux fins suivantes:<\/p><ul><li>Traiter les commandes;<\/li><li>Communiquer avec les clients et r\u00e9pondre \u00e0 leurs questions;<\/li><li>Traiter les demandes de renseignements;<\/li><li>Traitement des r\u00e9clamations;<\/li><li>Les communications marketing;<\/li><\/ul><h5>5. Transfert de donn\u00e9es \u00e0 caract\u00e8re personnel<\/h5><p>Pour atteindre l'objectif de cette application, Salgueiro Home transf\u00e9rera vos donn\u00e9es personnelles \u00e0 d'autres entit\u00e9s, qui les traiteront aux fins suivantes :<\/p><ul><li>Activit\u00e9s de gestion et de traitement des paiements ;<\/li><li>Fourniture des services de Salgueiro Home;<\/li><li>Gestion de la livraison et de l'exp\u00e9dition des commandes.<\/li><\/ul><h5>6. Consentement<\/h5><p>Le respect des souhaits du client est l'une des principales pr\u00e9occupations de Salgueiro Home lors du traitement de vos donn\u00e9es personnelles. Toutefois, nous ne voulons pas que notre relation avec vous soit affect\u00e9e ou qu'elle soit inf\u00e9rieure \u00e0 vos attentes. Par cons\u00e9quent, nous avons consid\u00e9r\u00e9 que si vous avez maintenu une relation avec nous au cours des deux derni\u00e8res ann\u00e9es, c'est-\u00e0-dire si vous avez effectu\u00e9 un achat, il n'\u00e9tait pas n\u00e9cessaire de vous demander votre consentement. Toutefois, si vous n'\u00eates pas d'accord, vous pouvez vous y opposer \u00e0 tout moment en nous \u00e9crivant \u00e0 l'adresse suivante <a href=\"mailto:privacidade@salgueirohome.com\"><strong>privacidade@salgueirohome.com<\/strong><\/a><\/p><h5>7. P\u00e9riode de conservation des donn\u00e9es<\/h5><p>Vos donn\u00e9es seront conserv\u00e9es par Salgueiro Home aux fins d\u00e9crites ici aussi longtemps que n\u00e9cessaire aux fins susmentionn\u00e9es, \u00e0 moins que les donn\u00e9es personnelles en question ne soient n\u00e9cessaires pour prouver le respect d'obligations, que le d\u00e9lai de prescription des droits correspondants ne soit \u00e9coul\u00e9, ou qu'il existe une p\u00e9riode de conservation des donn\u00e9es plus longue impos\u00e9e par la loi.<\/p><p>Lorsque vos donn\u00e9es personnelles ne sont plus n\u00e9cessaires, elles sont supprim\u00e9es de nos syst\u00e8mes et de nos dossiers ou conserv\u00e9es de mani\u00e8re anonyme afin que vous ne puissiez pas \u00eatre identifi\u00e9 \u00e0 partir de ces donn\u00e9es.<\/p><h5>9. Droit \u00e0 l'oubli<\/h5><p>Conform\u00e9ment aux dispositions du GDPR, les utilisateurs peuvent exercer leurs droits d'acc\u00e8s, de rectification, d'effacement, de restriction, d'opposition et de portabilit\u00e9 \u00e0 tout moment en envoyant un courriel au contact: <a href=\"mailto: privacidade@salgueirohome.com\"><strong>privacidade@salgueirohome.com.<\/strong><\/a><\/p><p>Suite \u00e0 l'enregistrement de la plainte de cette mani\u00e8re, Salgueiro Home veille \u00e0 ce qu'un processus de communication soit mis en \u0153uvre avec la personne concern\u00e9e, en l'informant en temps utile et conform\u00e9ment aux dispositions du r\u00e8glement susmentionn\u00e9, \u00e0 chaque \u00e9tape du traitement de sa plainte.<\/p>\t\t\t\t\t\t<\/div>\n\t\t\t\t<\/div>\n\t\t\t\t\t<\/div>\n\t\t<\/div>\n\t\t\t\t\t<\/div>\n\t\t<\/section>\n\t\t\t\t<section class=\"elementor-section elementor-top-section elementor-element elementor-element-5d3d5fd5 elementor-section-boxed elementor-section-height-default elementor-section-height-default sc_fly_static\" data-id=\"5d3d5fd5\" data-element_type=\"section\">\n\t\t\t\t\t\t<div class=\"elementor-container elementor-column-gap-extended\">\n\t\t\t\t\t<div class=\"elementor-column elementor-col-100 elementor-top-column elementor-element elementor-element-3707126e sc_content_align_inherit sc_layouts_column_icons_position_left sc_fly_static\" data-id=\"3707126e\" data-element_type=\"column\">\n\t\t\t<div class=\"elementor-widget-wrap elementor-element-populated\">\n\t\t\t\t\t\t<div class=\"elementor-element elementor-element-2e06fbb0 sc_fly_static elementor-widget elementor-widget-spacer\" data-id=\"2e06fbb0\" data-element_type=\"widget\" data-widget_type=\"spacer.default\">\n\t\t\t\t<div class=\"elementor-widget-container\">\n\t\t\t\t\t<div class=\"elementor-spacer\">\n\t\t\t<div class=\"elementor-spacer-inner\"><\/div>\n\t\t<\/div>\n\t\t\t\t<\/div>\n\t\t\t\t<\/div>\n\t\t\t\t\t<\/div>\n\t\t<\/div>\n\t\t\t\t\t<\/div>\n\t\t<\/section>\n\t\t\t\t<\/div>","protected":false},"excerpt":{"rendered":"<p>1. General Conditions The purpose of this Privacy Policy is to explain to you the personal data processing policy applied by Salgueiro Home since, in order to deliver our products&hellip;<\/p>","protected":false},"author":1,"featured_media":0,"parent":0,"menu_order":0,"comment_status":"closed","ping_status":"closed","template":"elementor_header_footer","meta":{"footnotes":""},"class_list":["post-37350","page","type-page","status-publish","hentry"],"yoast_head":"<!-- This site is optimized with the Yoast SEO plugin v24.0 - https:\/\/yoast.com\/wordpress\/plugins\/seo\/ -->\n<title>Privacy Policy - Salgueiro Home<\/title>\n<meta name=\"robots\" content=\"index, follow, max-snippet:-1, max-image-preview:large, max-video-preview:-1\" \/>\n<link rel=\"canonical\" href=\"https:\/\/salgueirohome.com\/fr\/privacy-policy\/\" \/>\n<meta property=\"og:locale\" content=\"fr_FR\" \/>\n<meta property=\"og:type\" content=\"article\" \/>\n<meta property=\"og:title\" content=\"Privacy Policy - Salgueiro Home\" \/>\n<meta property=\"og:description\" content=\"1. General Conditions The purpose of this Privacy Policy is to explain to you the personal data processing policy applied by Salgueiro Home since, in order to deliver our products&hellip;\" \/>\n<meta property=\"og:url\" content=\"https:\/\/salgueirohome.com\/fr\/privacy-policy\/\" \/>\n<meta property=\"og:site_name\" content=\"Salgueiro Home\" \/>\n<meta property=\"article:publisher\" content=\"https:\/\/pt-pt.facebook.com\/MASALGUEIROSA\" \/>\n<meta property=\"article:modified_time\" content=\"2024-12-16T16:35:16+00:00\" \/>\n<meta name=\"twitter:card\" content=\"summary_large_image\" \/>\n<meta name=\"twitter:label1\" content=\"Dur\u00e9e de lecture estim\u00e9e\" \/>\n\t<meta name=\"twitter:data1\" content=\"4 minutes\" \/>\n<script type=\"application\/ld+json\" class=\"yoast-schema-graph\">{\"@context\":\"https:\/\/schema.org\",\"@graph\":[{\"@type\":\"WebPage\",\"@id\":\"https:\/\/salgueirohome.com\/pt\/privacy-policy\/\",\"url\":\"https:\/\/salgueirohome.com\/pt\/privacy-policy\/\",\"name\":\"Privacy Policy - Salgueiro Home\",\"isPartOf\":{\"@id\":\"https:\/\/salgueirohome.com\/#website\"},\"datePublished\":\"2024-03-04T13:12:52+00:00\",\"dateModified\":\"2024-12-16T16:35:16+00:00\",\"breadcrumb\":{\"@id\":\"https:\/\/salgueirohome.com\/pt\/privacy-policy\/#breadcrumb\"},\"inLanguage\":\"fr-FR\",\"potentialAction\":[{\"@type\":\"ReadAction\",\"target\":[\"https:\/\/salgueirohome.com\/pt\/privacy-policy\/\"]}]},{\"@type\":\"BreadcrumbList\",\"@id\":\"https:\/\/salgueirohome.com\/pt\/privacy-policy\/#breadcrumb\",\"itemListElement\":[{\"@type\":\"ListItem\",\"position\":1,\"name\":\"Home\",\"item\":\"https:\/\/salgueirohome.com\/\"},{\"@type\":\"ListItem\",\"position\":2,\"name\":\"Privacy Policy\"}]},{\"@type\":\"WebSite\",\"@id\":\"https:\/\/salgueirohome.com\/#website\",\"url\":\"https:\/\/salgueirohome.com\/\",\"name\":\"Salgueiro Home\",\"description\":\"Sector das Tape\u00e7arias e Decora\u00e7\u00e3o\",\"publisher\":{\"@id\":\"https:\/\/salgueirohome.com\/#organization\"},\"potentialAction\":[{\"@type\":\"SearchAction\",\"target\":{\"@type\":\"EntryPoint\",\"urlTemplate\":\"https:\/\/salgueirohome.com\/?s={search_term_string}\"},\"query-input\":{\"@type\":\"PropertyValueSpecification\",\"valueRequired\":true,\"valueName\":\"search_term_string\"}}],\"inLanguage\":\"fr-FR\"},{\"@type\":\"Organization\",\"@id\":\"https:\/\/salgueirohome.com\/#organization\",\"name\":\"Salgueiro Home\",\"url\":\"https:\/\/salgueirohome.com\/\",\"logo\":{\"@type\":\"ImageObject\",\"inLanguage\":\"fr-FR\",\"@id\":\"https:\/\/salgueirohome.com\/#\/schema\/logo\/image\/\",\"url\":\"https:\/\/salgueirohome.com\/wp-content\/uploads\/2024\/10\/Salgueiro-Home-01-e1728660272428.png\",\"contentUrl\":\"https:\/\/salgueirohome.com\/wp-content\/uploads\/2024\/10\/Salgueiro-Home-01-e1728660272428.png\",\"width\":3099,\"height\":771,\"caption\":\"Salgueiro Home\"},\"image\":{\"@id\":\"https:\/\/salgueirohome.com\/#\/schema\/logo\/image\/\"},\"sameAs\":[\"https:\/\/pt-pt.facebook.com\/MASALGUEIROSA\",\"https:\/\/www.instagram.com\/salgueirohome\/\",\"https:\/\/www.linkedin.com\/company\/masalgueiro\/\"]}]}<\/script>\n<!-- \/ Yoast SEO plugin. -->","yoast_head_json":{"title":"Privacy Policy - Salgueiro Home","robots":{"index":"index","follow":"follow","max-snippet":"max-snippet:-1","max-image-preview":"max-image-preview:large","max-video-preview":"max-video-preview:-1"},"canonical":"https:\/\/salgueirohome.com\/fr\/privacy-policy\/","og_locale":"fr_FR","og_type":"article","og_title":"Privacy Policy - Salgueiro Home","og_description":"1. General Conditions The purpose of this Privacy Policy is to explain to you the personal data processing policy applied by Salgueiro Home since, in order to deliver our products&hellip;","og_url":"https:\/\/salgueirohome.com\/fr\/privacy-policy\/","og_site_name":"Salgueiro Home","article_publisher":"https:\/\/pt-pt.facebook.com\/MASALGUEIROSA","article_modified_time":"2024-12-16T16:35:16+00:00","twitter_card":"summary_large_image","twitter_misc":{"Dur\u00e9e de lecture estim\u00e9e":"4 minutes"},"schema":{"@context":"https:\/\/schema.org","@graph":[{"@type":"WebPage","@id":"https:\/\/salgueirohome.com\/pt\/privacy-policy\/","url":"https:\/\/salgueirohome.com\/pt\/privacy-policy\/","name":"Privacy Policy - Salgueiro Home","isPartOf":{"@id":"https:\/\/salgueirohome.com\/#website"},"datePublished":"2024-03-04T13:12:52+00:00","dateModified":"2024-12-16T16:35:16+00:00","breadcrumb":{"@id":"https:\/\/salgueirohome.com\/pt\/privacy-policy\/#breadcrumb"},"inLanguage":"fr-FR","potentialAction":[{"@type":"ReadAction","target":["https:\/\/salgueirohome.com\/pt\/privacy-policy\/"]}]},{"@type":"BreadcrumbList","@id":"https:\/\/salgueirohome.com\/pt\/privacy-policy\/#breadcrumb","itemListElement":[{"@type":"ListItem","position":1,"name":"Home","item":"https:\/\/salgueirohome.com\/"},{"@type":"ListItem","position":2,"name":"Privacy Policy"}]},{"@type":"WebSite","@id":"https:\/\/salgueirohome.com\/#website","url":"https:\/\/salgueirohome.com\/","name":"Salgueiro Home","description":"Sector das Tape\u00e7arias e Decora\u00e7\u00e3o","publisher":{"@id":"https:\/\/salgueirohome.com\/#organization"},"potentialAction":[{"@type":"SearchAction","target":{"@type":"EntryPoint","urlTemplate":"https:\/\/salgueirohome.com\/?s={search_term_string}"},"query-input":{"@type":"PropertyValueSpecification","valueRequired":true,"valueName":"search_term_string"}}],"inLanguage":"fr-FR"},{"@type":"Organization","@id":"https:\/\/salgueirohome.com\/#organization","name":"Salgueiro Home","url":"https:\/\/salgueirohome.com\/","logo":{"@type":"ImageObject","inLanguage":"fr-FR","@id":"https:\/\/salgueirohome.com\/#\/schema\/logo\/image\/","url":"https:\/\/salgueirohome.com\/wp-content\/uploads\/2024\/10\/Salgueiro-Home-01-e1728660272428.png","contentUrl":"https:\/\/salgueirohome.com\/wp-content\/uploads\/2024\/10\/Salgueiro-Home-01-e1728660272428.png","width":3099,"height":771,"caption":"Salgueiro Home"},"image":{"@id":"https:\/\/salgueirohome.com\/#\/schema\/logo\/image\/"},"sameAs":["https:\/\/pt-pt.facebook.com\/MASALGUEIROSA","https:\/\/www.instagram.com\/salgueirohome\/","https:\/\/www.linkedin.com\/company\/masalgueiro\/"]}]}},"_links":{"self":[{"href":"https:\/\/salgueirohome.com\/fr\/wp-json\/wp\/v2\/pages\/37350","targetHints":{"allow":["GET"]}}],"collection":[{"href":"https:\/\/salgueirohome.com\/fr\/wp-json\/wp\/v2\/pages"}],"about":[{"href":"https:\/\/salgueirohome.com\/fr\/wp-json\/wp\/v2\/types\/page"}],"author":[{"embeddable":true,"href":"https:\/\/salgueirohome.com\/fr\/wp-json\/wp\/v2\/users\/1"}],"replies":[{"embeddable":true,"href":"https:\/\/salgueirohome.com\/fr\/wp-json\/wp\/v2\/comments?post=37350"}],"version-history":[{"count":31,"href":"https:\/\/salgueirohome.com\/fr\/wp-json\/wp\/v2\/pages\/37350\/revisions"}],"predecessor-version":[{"id":40417,"href":"https:\/\/salgueirohome.com\/fr\/wp-json\/wp\/v2\/pages\/37350\/revisions\/40417"}],"wp:attachment":[{"href":"https:\/\/salgueirohome.com\/fr\/wp-json\/wp\/v2\/media?parent=37350"}],"curies":[{"name":"wp","href":"https:\/\/api.w.org\/{rel}","templated":true}]}}