{"id":38693,"date":"2024-11-25T14:01:31","date_gmt":"2024-11-25T14:01:31","guid":{"rendered":"https:\/\/salgueirohome.com\/?page_id=38693"},"modified":"2024-12-13T12:20:04","modified_gmt":"2024-12-13T12:20:04","slug":"projects","status":"publish","type":"page","link":"https:\/\/salgueirohome.com\/es\/projects\/","title":{"rendered":"Projects Salgueiro Home"},"content":{"rendered":"<div data-elementor-type=\"wp-page\" data-elementor-id=\"38693\" class=\"elementor elementor-38693\" data-elementor-post-type=\"page\">\n\t\t\t\t<div class=\"e-con-with-custom-width elementor-element elementor-element-9e4d584 e-con-full e-flex sc_layouts_column_icons_position_left e-con e-parent\" data-id=\"9e4d584\" data-element_type=\"container\">\n\t\t\t\t<div class=\"elementor-element elementor-element-7a14297 sc_fly_static elementor-widget elementor-widget-spacer\" data-id=\"7a14297\" data-element_type=\"widget\" data-widget_type=\"spacer.default\">\n\t\t\t\t<div class=\"elementor-widget-container\">\n\t\t\t\t\t<div class=\"elementor-spacer\">\n\t\t\t<div class=\"elementor-spacer-inner\"><\/div>\n\t\t<\/div>\n\t\t\t\t<\/div>\n\t\t\t\t<\/div>\n\t\t\t\t<div class=\"elementor-element elementor-element-1a55223 elementor-grid-3 elementor-grid-tablet-2 elementor-grid-mobile-1 sc_fly_static elementor-widget elementor-widget-portfolio\" data-id=\"1a55223\" data-element_type=\"widget\" data-settings=\"{&quot;item_ratio&quot;:{&quot;unit&quot;:&quot;px&quot;,&quot;size&quot;:1,&quot;sizes&quot;:[]},&quot;row_gap&quot;:{&quot;unit&quot;:&quot;px&quot;,&quot;size&quot;:10,&quot;sizes&quot;:[]},&quot;columns&quot;:&quot;3&quot;,&quot;columns_tablet&quot;:&quot;2&quot;,&quot;columns_mobile&quot;:&quot;1&quot;,&quot;item_gap&quot;:{&quot;unit&quot;:&quot;px&quot;,&quot;size&quot;:&quot;&quot;,&quot;sizes&quot;:[]}}\" data-widget_type=\"portfolio.default\">\n\t\t\t\t<div class=\"elementor-widget-container\">\n\t\t\t\t\t<div class=\"elementor-portfolio elementor-grid elementor-posts-container\">\n\t\t\t\t<article class=\"elementor-portfolio-item elementor-post elementor-filter-114 post-39542 cpt_portfolio type-cpt_portfolio status-publish has-post-thumbnail hentry cpt_portfolio_group-design\">\n\t\t\t<a class=\"elementor-post__thumbnail__link\" href=\"https:\/\/salgueirohome.com\/es\/portfolio\/hotel-palacio-do-estoril\/\">\n\t\t\t\t<div class=\"elementor-portfolio-item__img elementor-post__thumbnail\">\n\t\t\t<img fetchpriority=\"high\" decoding=\"async\" width=\"1920\" height=\"1080\" src=\"https:\/\/salgueirohome.com\/wp-content\/uploads\/2024\/12\/hotel-palacio-cascais.webp\" class=\"attachment-full size-full wp-image-39566\" alt=\"\" srcset=\"https:\/\/salgueirohome.com\/wp-content\/uploads\/2024\/12\/hotel-palacio-cascais.webp 1920w, https:\/\/salgueirohome.com\/wp-content\/uploads\/2024\/12\/hotel-palacio-cascais-300x169.webp 300w, https:\/\/salgueirohome.com\/wp-content\/uploads\/2024\/12\/hotel-palacio-cascais-1024x576.webp 1024w, https:\/\/salgueirohome.com\/wp-content\/uploads\/2024\/12\/hotel-palacio-cascais-768x432.webp 768w, https:\/\/salgueirohome.com\/wp-content\/uploads\/2024\/12\/hotel-palacio-cascais-1536x864.webp 1536w, https:\/\/salgueirohome.com\/wp-content\/uploads\/2024\/12\/hotel-palacio-cascais-18x10.webp 18w, https:\/\/salgueirohome.com\/wp-content\/uploads\/2024\/12\/hotel-palacio-cascais-370x208.webp 370w, https:\/\/salgueirohome.com\/wp-content\/uploads\/2024\/12\/hotel-palacio-cascais-1290x725.webp 1290w, https:\/\/salgueirohome.com\/wp-content\/uploads\/2024\/12\/hotel-palacio-cascais-840x473.webp 840w, https:\/\/salgueirohome.com\/wp-content\/uploads\/2024\/12\/hotel-palacio-cascais-410x231.webp 410w, https:\/\/salgueirohome.com\/wp-content\/uploads\/2024\/12\/hotel-palacio-cascais-270x152.webp 270w\" sizes=\"(max-width: 1920px) 100vw, 1920px\" \/>\t\t<\/div>\n\t\t\t\t<div class=\"elementor-portfolio-item__overlay\">\n\t\t\t\t<h3 class=\"elementor-portfolio-item__title\">\n\t\tHotel Pal\u00e1cio do Estoril\t\t<\/h3>\n\t\t\t\t<\/div>\n\t\t\t\t<\/a>\n\t\t<\/article>\n\t\t\t\t<article class=\"elementor-portfolio-item elementor-post elementor-filter-114 post-39470 cpt_portfolio type-cpt_portfolio status-publish has-post-thumbnail hentry cpt_portfolio_group-design\">\n\t\t\t<a class=\"elementor-post__thumbnail__link\" href=\"https:\/\/salgueirohome.com\/es\/portfolio\/pine-cliffs\/\">\n\t\t\t\t<div class=\"elementor-portfolio-item__img elementor-post__thumbnail\">\n\t\t\t<img decoding=\"async\" width=\"2000\" height=\"1333\" src=\"https:\/\/salgueirohome.com\/wp-content\/uploads\/2024\/12\/substituir_13.jpg\" class=\"attachment-full size-full wp-image-39477\" alt=\"\" srcset=\"https:\/\/salgueirohome.com\/wp-content\/uploads\/2024\/12\/substituir_13.jpg 2000w, https:\/\/salgueirohome.com\/wp-content\/uploads\/2024\/12\/substituir_13-300x200.jpg 300w, https:\/\/salgueirohome.com\/wp-content\/uploads\/2024\/12\/substituir_13-1024x682.jpg 1024w, https:\/\/salgueirohome.com\/wp-content\/uploads\/2024\/12\/substituir_13-768x512.jpg 768w, https:\/\/salgueirohome.com\/wp-content\/uploads\/2024\/12\/substituir_13-1536x1024.jpg 1536w, https:\/\/salgueirohome.com\/wp-content\/uploads\/2024\/12\/substituir_13-18x12.jpg 18w, https:\/\/salgueirohome.com\/wp-content\/uploads\/2024\/12\/substituir_13-370x247.jpg 370w, https:\/\/salgueirohome.com\/wp-content\/uploads\/2024\/12\/substituir_13-840x560.jpg 840w, https:\/\/salgueirohome.com\/wp-content\/uploads\/2024\/12\/substituir_13-410x273.jpg 410w\" sizes=\"(max-width: 2000px) 100vw, 2000px\" \/>\t\t<\/div>\n\t\t\t\t<div class=\"elementor-portfolio-item__overlay\">\n\t\t\t\t<h3 class=\"elementor-portfolio-item__title\">\n\t\tPine Cliffs\t\t<\/h3>\n\t\t\t\t<\/div>\n\t\t\t\t<\/a>\n\t\t<\/article>\n\t\t\t\t<article class=\"elementor-portfolio-item elementor-post elementor-filter-114 post-39458 cpt_portfolio type-cpt_portfolio status-publish has-post-thumbnail hentry cpt_portfolio_group-design\">\n\t\t\t<a class=\"elementor-post__thumbnail__link\" href=\"https:\/\/salgueirohome.com\/es\/portfolio\/le-train-bleu\/\">\n\t\t\t\t<div class=\"elementor-portfolio-item__img elementor-post__thumbnail\">\n\t\t\t<img decoding=\"async\" width=\"1500\" height=\"844\" src=\"https:\/\/salgueirohome.com\/wp-content\/uploads\/2024\/12\/substituir_14.jpg\" class=\"attachment-full size-full wp-image-39460\" alt=\"\" srcset=\"https:\/\/salgueirohome.com\/wp-content\/uploads\/2024\/12\/substituir_14.jpg 1500w, https:\/\/salgueirohome.com\/wp-content\/uploads\/2024\/12\/substituir_14-300x169.jpg 300w, https:\/\/salgueirohome.com\/wp-content\/uploads\/2024\/12\/substituir_14-1024x576.jpg 1024w, https:\/\/salgueirohome.com\/wp-content\/uploads\/2024\/12\/substituir_14-768x432.jpg 768w, https:\/\/salgueirohome.com\/wp-content\/uploads\/2024\/12\/substituir_14-18x10.jpg 18w, https:\/\/salgueirohome.com\/wp-content\/uploads\/2024\/12\/substituir_14-370x208.jpg 370w, https:\/\/salgueirohome.com\/wp-content\/uploads\/2024\/12\/substituir_14-1290x725.jpg 1290w, https:\/\/salgueirohome.com\/wp-content\/uploads\/2024\/12\/substituir_14-840x473.jpg 840w, https:\/\/salgueirohome.com\/wp-content\/uploads\/2024\/12\/substituir_14-410x231.jpg 410w, https:\/\/salgueirohome.com\/wp-content\/uploads\/2024\/12\/substituir_14-270x152.jpg 270w\" sizes=\"(max-width: 1500px) 100vw, 1500px\" \/>\t\t<\/div>\n\t\t\t\t<div class=\"elementor-portfolio-item__overlay\">\n\t\t\t\t<h3 class=\"elementor-portfolio-item__title\">\n\t\tLe Train Bleu\t\t<\/h3>\n\t\t\t\t<\/div>\n\t\t\t\t<\/a>\n\t\t<\/article>\n\t\t\t\t<article class=\"elementor-portfolio-item elementor-post elementor-filter-114 post-38250 cpt_portfolio type-cpt_portfolio status-publish has-post-thumbnail hentry cpt_portfolio_group-design\">\n\t\t\t<a class=\"elementor-post__thumbnail__link\" href=\"https:\/\/salgueirohome.com\/es\/portfolio\/hotel-do-parque\/\">\n\t\t\t\t<div class=\"elementor-portfolio-item__img elementor-post__thumbnail\">\n\t\t\t<img loading=\"lazy\" decoding=\"async\" width=\"930\" height=\"752\" src=\"https:\/\/salgueirohome.com\/wp-content\/uploads\/2024\/11\/pk2.jpg\" class=\"attachment-full size-full wp-image-38453\" alt=\"\" srcset=\"https:\/\/salgueirohome.com\/wp-content\/uploads\/2024\/11\/pk2.jpg 930w, https:\/\/salgueirohome.com\/wp-content\/uploads\/2024\/11\/pk2-300x243.jpg 300w, https:\/\/salgueirohome.com\/wp-content\/uploads\/2024\/11\/pk2-768x621.jpg 768w, https:\/\/salgueirohome.com\/wp-content\/uploads\/2024\/11\/pk2-370x299.jpg 370w, https:\/\/salgueirohome.com\/wp-content\/uploads\/2024\/11\/pk2-840x679.jpg 840w, https:\/\/salgueirohome.com\/wp-content\/uploads\/2024\/11\/pk2-410x332.jpg 410w\" sizes=\"(max-width: 930px) 100vw, 930px\" \/>\t\t<\/div>\n\t\t\t\t<div class=\"elementor-portfolio-item__overlay\">\n\t\t\t\t<h3 class=\"elementor-portfolio-item__title\">\n\t\tHotel do Parque\t\t<\/h3>\n\t\t\t\t<\/div>\n\t\t\t\t<\/a>\n\t\t<\/article>\n\t\t\t\t<article class=\"elementor-portfolio-item elementor-post elementor-filter-114 post-38245 cpt_portfolio type-cpt_portfolio status-publish has-post-thumbnail hentry cpt_portfolio_group-design\">\n\t\t\t<a class=\"elementor-post__thumbnail__link\" href=\"https:\/\/salgueirohome.com\/es\/portfolio\/welcome-in-suites-hostel-aveiro\/\">\n\t\t\t\t<div class=\"elementor-portfolio-item__img elementor-post__thumbnail\">\n\t\t\t<img loading=\"lazy\" decoding=\"async\" width=\"800\" height=\"512\" src=\"https:\/\/salgueirohome.com\/wp-content\/uploads\/2024\/11\/wel_3.jpg\" class=\"attachment-full size-full wp-image-38248\" alt=\"\" srcset=\"https:\/\/salgueirohome.com\/wp-content\/uploads\/2024\/11\/wel_3.jpg 800w, https:\/\/salgueirohome.com\/wp-content\/uploads\/2024\/11\/wel_3-300x192.jpg 300w, https:\/\/salgueirohome.com\/wp-content\/uploads\/2024\/11\/wel_3-768x492.jpg 768w, https:\/\/salgueirohome.com\/wp-content\/uploads\/2024\/11\/wel_3-370x237.jpg 370w, https:\/\/salgueirohome.com\/wp-content\/uploads\/2024\/11\/wel_3-410x262.jpg 410w\" sizes=\"(max-width: 800px) 100vw, 800px\" \/>\t\t<\/div>\n\t\t\t\t<div class=\"elementor-portfolio-item__overlay\">\n\t\t\t\t<h3 class=\"elementor-portfolio-item__title\">\n\t\tWelcome in Suites &amp; Hostel\t\t<\/h3>\n\t\t\t\t<\/div>\n\t\t\t\t<\/a>\n\t\t<\/article>\n\t\t\t\t<article class=\"elementor-portfolio-item elementor-post elementor-filter-114 post-38241 cpt_portfolio type-cpt_portfolio status-publish has-post-thumbnail hentry cpt_portfolio_group-design\">\n\t\t\t<a class=\"elementor-post__thumbnail__link\" href=\"https:\/\/salgueirohome.com\/es\/portfolio\/escritorios-monliz\/\">\n\t\t\t\t<div class=\"elementor-portfolio-item__img elementor-post__thumbnail\">\n\t\t\t<img loading=\"lazy\" decoding=\"async\" width=\"2048\" height=\"1360\" src=\"https:\/\/salgueirohome.com\/wp-content\/uploads\/2024\/11\/monliz2.jpg\" class=\"attachment-full size-full wp-image-38242\" alt=\"\" srcset=\"https:\/\/salgueirohome.com\/wp-content\/uploads\/2024\/11\/monliz2.jpg 2048w, https:\/\/salgueirohome.com\/wp-content\/uploads\/2024\/11\/monliz2-300x199.jpg 300w, https:\/\/salgueirohome.com\/wp-content\/uploads\/2024\/11\/monliz2-1024x680.jpg 1024w, https:\/\/salgueirohome.com\/wp-content\/uploads\/2024\/11\/monliz2-768x510.jpg 768w, https:\/\/salgueirohome.com\/wp-content\/uploads\/2024\/11\/monliz2-1536x1020.jpg 1536w, https:\/\/salgueirohome.com\/wp-content\/uploads\/2024\/11\/monliz2-370x246.jpg 370w, https:\/\/salgueirohome.com\/wp-content\/uploads\/2024\/11\/monliz2-840x558.jpg 840w, https:\/\/salgueirohome.com\/wp-content\/uploads\/2024\/11\/monliz2-410x272.jpg 410w\" sizes=\"(max-width: 2048px) 100vw, 2048px\" \/>\t\t<\/div>\n\t\t\t\t<div class=\"elementor-portfolio-item__overlay\">\n\t\t\t\t<h3 class=\"elementor-portfolio-item__title\">\n\t\tEscrit\u00f3rios Monliz\t\t<\/h3>\n\t\t\t\t<\/div>\n\t\t\t\t<\/a>\n\t\t<\/article>\n\t\t\t\t<article class=\"elementor-portfolio-item elementor-post elementor-filter-114 post-38236 cpt_portfolio type-cpt_portfolio status-publish has-post-thumbnail hentry cpt_portfolio_group-design\">\n\t\t\t<a class=\"elementor-post__thumbnail__link\" href=\"https:\/\/salgueirohome.com\/es\/portfolio\/hotel-melia-ria\/\">\n\t\t\t\t<div class=\"elementor-portfolio-item__img elementor-post__thumbnail\">\n\t\t\t<img loading=\"lazy\" decoding=\"async\" width=\"2560\" height=\"1707\" src=\"https:\/\/salgueirohome.com\/wp-content\/uploads\/2024\/11\/melia4-scaled.jpg\" class=\"attachment-full size-full wp-image-38238\" alt=\"\" srcset=\"https:\/\/salgueirohome.com\/wp-content\/uploads\/2024\/11\/melia4-scaled.jpg 2560w, https:\/\/salgueirohome.com\/wp-content\/uploads\/2024\/11\/melia4-300x200.jpg 300w, https:\/\/salgueirohome.com\/wp-content\/uploads\/2024\/11\/melia4-1024x683.jpg 1024w, https:\/\/salgueirohome.com\/wp-content\/uploads\/2024\/11\/melia4-768x512.jpg 768w, https:\/\/salgueirohome.com\/wp-content\/uploads\/2024\/11\/melia4-1536x1024.jpg 1536w, https:\/\/salgueirohome.com\/wp-content\/uploads\/2024\/11\/melia4-2048x1365.jpg 2048w, https:\/\/salgueirohome.com\/wp-content\/uploads\/2024\/11\/melia4-370x247.jpg 370w, https:\/\/salgueirohome.com\/wp-content\/uploads\/2024\/11\/melia4-840x560.jpg 840w, https:\/\/salgueirohome.com\/wp-content\/uploads\/2024\/11\/melia4-410x273.jpg 410w\" sizes=\"(max-width: 2560px) 100vw, 2560px\" \/>\t\t<\/div>\n\t\t\t\t<div class=\"elementor-portfolio-item__overlay\">\n\t\t\t\t<h3 class=\"elementor-portfolio-item__title\">\n\t\tHotel Meli\u00e3 Ria\t\t<\/h3>\n\t\t\t\t<\/div>\n\t\t\t\t<\/a>\n\t\t<\/article>\n\t\t\t\t<article class=\"elementor-portfolio-item elementor-post elementor-filter-114 post-3214 cpt_portfolio type-cpt_portfolio status-publish has-post-thumbnail hentry cpt_portfolio_group-design\">\n\t\t\t<a class=\"elementor-post__thumbnail__link\" href=\"https:\/\/salgueirohome.com\/es\/portfolio\/tracking-wellness\/\">\n\t\t\t\t<div class=\"elementor-portfolio-item__img elementor-post__thumbnail\">\n\t\t\t<img loading=\"lazy\" decoding=\"async\" width=\"2192\" height=\"2560\" src=\"https:\/\/salgueirohome.com\/wp-content\/uploads\/2020\/05\/Vista-Alegre-scaled-1.jpg\" class=\"attachment-full size-full wp-image-38104\" alt=\"\" srcset=\"https:\/\/salgueirohome.com\/wp-content\/uploads\/2020\/05\/Vista-Alegre-scaled-1.jpg 2192w, https:\/\/salgueirohome.com\/wp-content\/uploads\/2020\/05\/Vista-Alegre-scaled-1-257x300.jpg 257w, https:\/\/salgueirohome.com\/wp-content\/uploads\/2020\/05\/Vista-Alegre-scaled-1-877x1024.jpg 877w, https:\/\/salgueirohome.com\/wp-content\/uploads\/2020\/05\/Vista-Alegre-scaled-1-768x897.jpg 768w, https:\/\/salgueirohome.com\/wp-content\/uploads\/2020\/05\/Vista-Alegre-scaled-1-1315x1536.jpg 1315w, https:\/\/salgueirohome.com\/wp-content\/uploads\/2020\/05\/Vista-Alegre-scaled-1-1754x2048.jpg 1754w, https:\/\/salgueirohome.com\/wp-content\/uploads\/2020\/05\/Vista-Alegre-scaled-1-370x432.jpg 370w, https:\/\/salgueirohome.com\/wp-content\/uploads\/2020\/05\/Vista-Alegre-scaled-1-840x981.jpg 840w, https:\/\/salgueirohome.com\/wp-content\/uploads\/2020\/05\/Vista-Alegre-scaled-1-410x479.jpg 410w\" sizes=\"(max-width: 2192px) 100vw, 2192px\" \/>\t\t<\/div>\n\t\t\t\t<div class=\"elementor-portfolio-item__overlay\">\n\t\t\t\t<h3 class=\"elementor-portfolio-item__title\">\n\t\tMuseu Vista Alegre\t\t<\/h3>\n\t\t\t\t<\/div>\n\t\t\t\t<\/a>\n\t\t<\/article>\n\t\t\t\t<\/div>\n\t\t\t\t<\/div>\n\t\t\t\t<\/div>\n\t\t\t\t<\/div>\n\t\t<div class=\"e-con-with-custom-width elementor-element elementor-element-ff2c95d e-con-full e-flex sc_layouts_column_icons_position_left e-con e-parent\" data-id=\"ff2c95d\" data-element_type=\"container\">\n\t\t\t\t<div class=\"elementor-element elementor-element-ed20398 sc_fly_static elementor-widget elementor-widget-spacer\" data-id=\"ed20398\" data-element_type=\"widget\" data-widget_type=\"spacer.default\">\n\t\t\t\t<div class=\"elementor-widget-container\">\n\t\t\t\t\t<div class=\"elementor-spacer\">\n\t\t\t<div class=\"elementor-spacer-inner\"><\/div>\n\t\t<\/div>\n\t\t\t\t<\/div>\n\t\t\t\t<\/div>\n\t\t\t\t<\/div>\n\t\t\t\t<\/div>","protected":false},"excerpt":{"rendered":"","protected":false},"author":1,"featured_media":0,"parent":0,"menu_order":0,"comment_status":"closed","ping_status":"closed","template":"","meta":{"footnotes":""},"class_list":["post-38693","page","type-page","status-publish","hentry"],"yoast_head":"<!-- This site is optimized with the Yoast SEO plugin v24.0 - https:\/\/yoast.com\/wordpress\/plugins\/seo\/ -->\n<title>Projects Salgueiro Home - Salgueiro Home<\/title>\n<meta name=\"robots\" content=\"index, follow, max-snippet:-1, max-image-preview:large, max-video-preview:-1\" \/>\n<link rel=\"canonical\" href=\"https:\/\/salgueirohome.com\/es\/projects\/\" \/>\n<meta property=\"og:locale\" content=\"es_ES\" \/>\n<meta property=\"og:type\" content=\"article\" \/>\n<meta property=\"og:title\" content=\"Projects Salgueiro Home - Salgueiro Home\" \/>\n<meta property=\"og:url\" content=\"https:\/\/salgueirohome.com\/es\/projects\/\" \/>\n<meta property=\"og:site_name\" content=\"Salgueiro Home\" \/>\n<meta property=\"article:publisher\" content=\"https:\/\/pt-pt.facebook.com\/MASALGUEIROSA\" \/>\n<meta property=\"article:modified_time\" content=\"2024-12-13T12:20:04+00:00\" \/>\n<meta name=\"twitter:card\" content=\"summary_large_image\" \/>\n<script type=\"application\/ld+json\" class=\"yoast-schema-graph\">{\"@context\":\"https:\/\/schema.org\",\"@graph\":[{\"@type\":\"WebPage\",\"@id\":\"https:\/\/salgueirohome.com\/projects\/\",\"url\":\"https:\/\/salgueirohome.com\/projects\/\",\"name\":\"Projects Salgueiro Home - Salgueiro Home\",\"isPartOf\":{\"@id\":\"https:\/\/salgueirohome.com\/#website\"},\"datePublished\":\"2024-11-25T14:01:31+00:00\",\"dateModified\":\"2024-12-13T12:20:04+00:00\",\"breadcrumb\":{\"@id\":\"https:\/\/salgueirohome.com\/projects\/#breadcrumb\"},\"inLanguage\":\"es\",\"potentialAction\":[{\"@type\":\"ReadAction\",\"target\":[\"https:\/\/salgueirohome.com\/projects\/\"]}]},{\"@type\":\"BreadcrumbList\",\"@id\":\"https:\/\/salgueirohome.com\/projects\/#breadcrumb\",\"itemListElement\":[{\"@type\":\"ListItem\",\"position\":1,\"name\":\"Home\",\"item\":\"https:\/\/salgueirohome.com\/\"},{\"@type\":\"ListItem\",\"position\":2,\"name\":\"Projects Salgueiro Home\"}]},{\"@type\":\"WebSite\",\"@id\":\"https:\/\/salgueirohome.com\/#website\",\"url\":\"https:\/\/salgueirohome.com\/\",\"name\":\"Salgueiro Home\",\"description\":\"Sector das Tape\u00e7arias e Decora\u00e7\u00e3o\",\"publisher\":{\"@id\":\"https:\/\/salgueirohome.com\/#organization\"},\"potentialAction\":[{\"@type\":\"SearchAction\",\"target\":{\"@type\":\"EntryPoint\",\"urlTemplate\":\"https:\/\/salgueirohome.com\/?s={search_term_string}\"},\"query-input\":{\"@type\":\"PropertyValueSpecification\",\"valueRequired\":true,\"valueName\":\"search_term_string\"}}],\"inLanguage\":\"es\"},{\"@type\":\"Organization\",\"@id\":\"https:\/\/salgueirohome.com\/#organization\",\"name\":\"Salgueiro Home\",\"url\":\"https:\/\/salgueirohome.com\/\",\"logo\":{\"@type\":\"ImageObject\",\"inLanguage\":\"es\",\"@id\":\"https:\/\/salgueirohome.com\/#\/schema\/logo\/image\/\",\"url\":\"https:\/\/salgueirohome.com\/wp-content\/uploads\/2024\/10\/Salgueiro-Home-01-e1728660272428.png\",\"contentUrl\":\"https:\/\/salgueirohome.com\/wp-content\/uploads\/2024\/10\/Salgueiro-Home-01-e1728660272428.png\",\"width\":3099,\"height\":771,\"caption\":\"Salgueiro Home\"},\"image\":{\"@id\":\"https:\/\/salgueirohome.com\/#\/schema\/logo\/image\/\"},\"sameAs\":[\"https:\/\/pt-pt.facebook.com\/MASALGUEIROSA\",\"https:\/\/www.instagram.com\/salgueirohome\/\",\"https:\/\/www.linkedin.com\/company\/masalgueiro\/\"]}]}<\/script>\n<!-- \/ Yoast SEO plugin. -->","yoast_head_json":{"title":"Projects Salgueiro Home - Salgueiro Home","robots":{"index":"index","follow":"follow","max-snippet":"max-snippet:-1","max-image-preview":"max-image-preview:large","max-video-preview":"max-video-preview:-1"},"canonical":"https:\/\/salgueirohome.com\/es\/projects\/","og_locale":"es_ES","og_type":"article","og_title":"Projects Salgueiro Home - Salgueiro Home","og_url":"https:\/\/salgueirohome.com\/es\/projects\/","og_site_name":"Salgueiro Home","article_publisher":"https:\/\/pt-pt.facebook.com\/MASALGUEIROSA","article_modified_time":"2024-12-13T12:20:04+00:00","twitter_card":"summary_large_image","schema":{"@context":"https:\/\/schema.org","@graph":[{"@type":"WebPage","@id":"https:\/\/salgueirohome.com\/projects\/","url":"https:\/\/salgueirohome.com\/projects\/","name":"Projects Salgueiro Home - Salgueiro Home","isPartOf":{"@id":"https:\/\/salgueirohome.com\/#website"},"datePublished":"2024-11-25T14:01:31+00:00","dateModified":"2024-12-13T12:20:04+00:00","breadcrumb":{"@id":"https:\/\/salgueirohome.com\/projects\/#breadcrumb"},"inLanguage":"es","potentialAction":[{"@type":"ReadAction","target":["https:\/\/salgueirohome.com\/projects\/"]}]},{"@type":"BreadcrumbList","@id":"https:\/\/salgueirohome.com\/projects\/#breadcrumb","itemListElement":[{"@type":"ListItem","position":1,"name":"Home","item":"https:\/\/salgueirohome.com\/"},{"@type":"ListItem","position":2,"name":"Projects Salgueiro Home"}]},{"@type":"WebSite","@id":"https:\/\/salgueirohome.com\/#website","url":"https:\/\/salgueirohome.com\/","name":"Salgueiro Home","description":"Sector das Tape\u00e7arias e Decora\u00e7\u00e3o","publisher":{"@id":"https:\/\/salgueirohome.com\/#organization"},"potentialAction":[{"@type":"SearchAction","target":{"@type":"EntryPoint","urlTemplate":"https:\/\/salgueirohome.com\/?s={search_term_string}"},"query-input":{"@type":"PropertyValueSpecification","valueRequired":true,"valueName":"search_term_string"}}],"inLanguage":"es"},{"@type":"Organization","@id":"https:\/\/salgueirohome.com\/#organization","name":"Salgueiro Home","url":"https:\/\/salgueirohome.com\/","logo":{"@type":"ImageObject","inLanguage":"es","@id":"https:\/\/salgueirohome.com\/#\/schema\/logo\/image\/","url":"https:\/\/salgueirohome.com\/wp-content\/uploads\/2024\/10\/Salgueiro-Home-01-e1728660272428.png","contentUrl":"https:\/\/salgueirohome.com\/wp-content\/uploads\/2024\/10\/Salgueiro-Home-01-e1728660272428.png","width":3099,"height":771,"caption":"Salgueiro Home"},"image":{"@id":"https:\/\/salgueirohome.com\/#\/schema\/logo\/image\/"},"sameAs":["https:\/\/pt-pt.facebook.com\/MASALGUEIROSA","https:\/\/www.instagram.com\/salgueirohome\/","https:\/\/www.linkedin.com\/company\/masalgueiro\/"]}]}},"_links":{"self":[{"href":"https:\/\/salgueirohome.com\/es\/wp-json\/wp\/v2\/pages\/38693","targetHints":{"allow":["GET"]}}],"collection":[{"href":"https:\/\/salgueirohome.com\/es\/wp-json\/wp\/v2\/pages"}],"about":[{"href":"https:\/\/salgueirohome.com\/es\/wp-json\/wp\/v2\/types\/page"}],"author":[{"embeddable":true,"href":"https:\/\/salgueirohome.com\/es\/wp-json\/wp\/v2\/users\/1"}],"replies":[{"embeddable":true,"href":"https:\/\/salgueirohome.com\/es\/wp-json\/wp\/v2\/comments?post=38693"}],"version-history":[{"count":131,"href":"https:\/\/salgueirohome.com\/es\/wp-json\/wp\/v2\/pages\/38693\/revisions"}],"predecessor-version":[{"id":40251,"href":"https:\/\/salgueirohome.com\/es\/wp-json\/wp\/v2\/pages\/38693\/revisions\/40251"}],"wp:attachment":[{"href":"https:\/\/salgueirohome.com\/es\/wp-json\/wp\/v2\/media?parent=38693"}],"curies":[{"name":"wp","href":"https:\/\/api.w.org\/{rel}","templated":true}]}}